{"id":1465,"date":"2023-09-01T12:39:05","date_gmt":"2023-09-01T09:39:05","guid":{"rendered":"https:\/\/manuelasirbu.ro\/?page_id=1465"},"modified":"2023-09-16T02:24:00","modified_gmt":"2023-09-15T23:24:00","slug":"drept-comercial-cabinet-avocatura-manuela-sirbu","status":"publish","type":"page","link":"https:\/\/manuelasirbu.ro\/en\/drept-comercial-cabinet-avocatura-manuela-sirbu\/","title":{"rendered":"Commercial law"},"content":{"rendered":"<div data-elementor-type=\"wp-post\" data-elementor-id=\"1465\" class=\"elementor elementor-1465\" data-elementor-post-type=\"page\">\n\t\t\t\t\t\t<section class=\"elementor-section elementor-top-section elementor-element elementor-element-429ec73 elementor-section-boxed elementor-section-height-default elementor-section-height-default\" data-id=\"429ec73\" data-element_type=\"section\" data-e-type=\"section\" data-settings=\"{&quot;background_background&quot;:&quot;classic&quot;}\">\n\t\t\t\t\t\t\t<div class=\"elementor-background-overlay\"><\/div>\n\t\t\t\t\t\t\t<div class=\"elementor-container elementor-column-gap-wide\">\n\t\t\t\t\t<div class=\"elementor-column elementor-col-100 elementor-top-column elementor-element elementor-element-097e733\" data-id=\"097e733\" data-element_type=\"column\" data-e-type=\"column\">\n\t\t\t<div class=\"elementor-widget-wrap elementor-element-populated\">\n\t\t\t\t\t\t<div class=\"elementor-element elementor-element-2d4b0ac elementor-widget elementor-widget-heading\" data-id=\"2d4b0ac\" data-element_type=\"widget\" data-e-type=\"widget\" data-widget_type=\"heading.default\">\n\t\t\t\t<div class=\"elementor-widget-container\">\n\t\t\t\t\t<h1 class=\"elementor-heading-title elementor-size-default\">Commercial law<\/h1>\t\t\t\t<\/div>\n\t\t\t\t<\/div>\n\t\t\t\t\t<\/div>\n\t\t<\/div>\n\t\t\t\t\t<\/div>\n\t\t<\/section>\n\t\t\t\t<section class=\"elementor-section elementor-top-section elementor-element elementor-element-3014398e elementor-section-content-middle elementor-section-boxed elementor-section-height-default elementor-section-height-default\" data-id=\"3014398e\" data-element_type=\"section\" data-e-type=\"section\">\n\t\t\t\t\t\t<div class=\"elementor-container elementor-column-gap-wide\">\n\t\t\t\t\t<div class=\"elementor-column elementor-col-100 elementor-top-column elementor-element elementor-element-1b0d3749\" data-id=\"1b0d3749\" data-element_type=\"column\" data-e-type=\"column\">\n\t\t\t<div class=\"elementor-widget-wrap elementor-element-populated\">\n\t\t\t\t\t\t<div class=\"elementor-element elementor-element-64e39c62 elementor-widget elementor-widget-heading\" data-id=\"64e39c62\" data-element_type=\"widget\" data-e-type=\"widget\" data-widget_type=\"heading.default\">\n\t\t\t\t<div class=\"elementor-widget-container\">\n\t\t\t\t\t<h3 class=\"elementor-heading-title elementor-size-default\">I approach each legal challenge of your business with a tailored multidisciplinary perspective<\/h3>\t\t\t\t<\/div>\n\t\t\t\t<\/div>\n\t\t\t\t<div class=\"elementor-element elementor-element-70667a7 elementor-widget elementor-widget-text-editor\" data-id=\"70667a7\" data-element_type=\"widget\" data-e-type=\"widget\" data-widget_type=\"text-editor.default\">\n\t\t\t\t<div class=\"elementor-widget-container\">\n\t\t\t\t\t\t\t\t\t<p><b>In today's business landscape<\/b><span style=\"font-weight: 400;\">, <\/span><i><span style=\"font-weight: 400;\">meticulous and efficient planning<\/span><\/i><span style=\"font-weight: 400;\"> is paramount. Whether you're establishing a new company, preparing to buy or sell a business, negotiating with shareholders or investors, or gearing up to finalize a major commercial transaction, it's crucial to safeguard the legal rights and interests of your enterprise.<\/span><\/p><p><b>The primary role of an attorney specializing in business law<\/b><span style=\"font-weight: 400;\"> is to save money for the company. This can be achieved by properly structuring business operations, facilitating smooth and efficient transactions, offering guidance on fiscal or regulatory matters, or shielding the company from potential liabilities.<\/span><\/p><p><span style=\"font-weight: 400;\">Throughout my career, I've collaborated with <\/span><b>national and international companies<\/b><span style=\"font-weight: 400;\">. My role as a lawyer is to position you in the right legal equation and assist you in minimizing risk by interpreting and correctly applying the law tailored to your business profile.<\/span><\/p><p><span style=\"font-weight: 400;\">In the commercial field, I approach each challenge with a <\/span><b>multidisciplinary perspective<\/b><span style=\"font-weight: 400;\">, backed by extensive experience. I've amassed <\/span><i><span style=\"font-weight: 400;\">significant expertise<\/span><\/i><span style=\"font-weight: 400;\">, adept at managing every transaction in detail, working closely with my clients to ensure their goals are met.\u00a0<\/span><\/p><p><span style=\"text-decoration: underline;\"><a href=\"https:\/\/manuelasirbu.ro\/wp-content\/uploads\/2023\/09\/1214580_eDiploma.pdf\">See here<\/a><\/span> the Specialization Certificate in Leadership &amp; Management<\/p><p><span style=\"font-weight: 400;\">Every business is unique, which is why I emphasize efficient solutions and tailored strategies, with the primary aim of safeguarding the client's interests.\u00a0<\/span><\/p><p><b>My unwavering commitment to excellence in providing legal advice<\/b><span style=\"font-weight: 400;\"> aims to foster enduring business and working relationships with all my clients. This allows me to better understand the needs of each client, offering precise advice, continuous support and valuable assistance.<\/span><\/p><p><b>Protect your business with tailored legal solutions and a multidisciplinary vision. Navigate proficiently through the intricacies of commercial transactions. Act strategically!<\/b><\/p>\t\t\t\t\t\t\t\t<\/div>\n\t\t\t\t<\/div>\n\t\t\t\t<div class=\"elementor-element elementor-element-99136d elementor-widget elementor-widget-heading\" data-id=\"99136d\" data-element_type=\"widget\" data-e-type=\"widget\" data-widget_type=\"heading.default\">\n\t\t\t\t<div class=\"elementor-widget-container\">\n\t\t\t\t\t<h3 class=\"elementor-heading-title elementor-size-default\">Schedule a consultation<\/h3>\t\t\t\t<\/div>\n\t\t\t\t<\/div>\n\t\t\t\t<div class=\"elementor-element elementor-element-40a86101 elementor-align-center elementor-widget elementor-widget-button\" data-id=\"40a86101\" data-element_type=\"widget\" data-e-type=\"widget\" data-widget_type=\"button.default\">\n\t\t\t\t<div class=\"elementor-widget-container\">\n\t\t\t\t\t\t\t\t\t<div class=\"elementor-button-wrapper\">\n\t\t\t\t\t<a class=\"elementor-button elementor-button-link elementor-size-md\" href=\"https:\/\/manuelasirbu.ro\/en\/contact\/\">\n\t\t\t\t\t\t<span class=\"elementor-button-content-wrapper\">\n\t\t\t\t\t\t\t\t\t<span class=\"elementor-button-text\">SCHEDULE NOW<\/span>\n\t\t\t\t\t<\/span>\n\t\t\t\t\t<\/a>\n\t\t\t\t<\/div>\n\t\t\t\t\t\t\t\t<\/div>\n\t\t\t\t<\/div>\n\t\t\t\t\t<\/div>\n\t\t<\/div>\n\t\t\t\t\t<\/div>\n\t\t<\/section>\n\t\t\t\t<\/div>","protected":false},"excerpt":{"rendered":"<p>Drept comercial Abordez fiecare provocare juridic\u0103 a afacerii tale cu o perspectiv\u0103 multidisciplinar\u0103 personalizat\u0103 \u00cen actualul peisaj de afaceri, planificarea meticuloas\u0103 \u0219i eficient\u0103 este esen\u021bial\u0103. Indiferent c\u0103 \u00eenfiin\u021bezi o firm\u0103 nou\u0103, te preg\u0103te\u0219ti s\u0103 cumperi sau s\u0103 vinzi o afacere, negociezi cu ac\u021bionari sau investitori sau te preg\u0103te\u0219ti s\u0103 finalizezi o tranzac\u021bie comercial\u0103 de anvergur\u0103, [&hellip;]<\/p>\n","protected":false},"author":1,"featured_media":0,"parent":0,"menu_order":0,"comment_status":"closed","ping_status":"closed","template":"","meta":{"site-sidebar-layout":"no-sidebar","site-content-layout":"page-builder","ast-site-content-layout":"full-width-container","site-content-style":"unboxed","site-sidebar-style":"unboxed","ast-global-header-display":"","ast-banner-title-visibility":"","ast-main-header-display":"","ast-hfb-above-header-display":"","ast-hfb-below-header-display":"","ast-hfb-mobile-header-display":"","site-post-title":"disabled","ast-breadcrumbs-content":"","ast-featured-img":"","footer-sml-layout":"","ast-disable-related-posts":"","theme-transparent-header-meta":"enabled","adv-header-id-meta":"","stick-header-meta":"","header-above-stick-meta":"","header-main-stick-meta":"","header-below-stick-meta":"","astra-migrate-meta-layouts":"set","ast-page-background-enabled":"default","ast-page-background-meta":{"desktop":{"background-color":"","background-image":"","background-repeat":"repeat","background-position":"center center","background-size":"auto","background-attachment":"scroll","background-type":"","background-media":"","overlay-type":"","overlay-color":"","overlay-opacity":"","overlay-gradient":""},"tablet":{"background-color":"","background-image":"","background-repeat":"repeat","background-position":"center center","background-size":"auto","background-attachment":"scroll","background-type":"","background-media":"","overlay-type":"","overlay-color":"","overlay-opacity":"","overlay-gradient":""},"mobile":{"background-color":"","background-image":"","background-repeat":"repeat","background-position":"center center","background-size":"auto","background-attachment":"scroll","background-type":"","background-media":"","overlay-type":"","overlay-color":"","overlay-opacity":"","overlay-gradient":""}},"ast-content-background-meta":{"desktop":{"background-color":"var(--ast-global-color-5)","background-image":"","background-repeat":"repeat","background-position":"center center","background-size":"auto","background-attachment":"scroll","background-type":"","background-media":"","overlay-type":"","overlay-color":"","overlay-opacity":"","overlay-gradient":""},"tablet":{"background-color":"var(--ast-global-color-5)","background-image":"","background-repeat":"repeat","background-position":"center center","background-size":"auto","background-attachment":"scroll","background-type":"","background-media":"","overlay-type":"","overlay-color":"","overlay-opacity":"","overlay-gradient":""},"mobile":{"background-color":"var(--ast-global-color-5)","background-image":"","background-repeat":"repeat","background-position":"center center","background-size":"auto","background-attachment":"scroll","background-type":"","background-media":"","overlay-type":"","overlay-color":"","overlay-opacity":"","overlay-gradient":""}},"footnotes":""},"class_list":["post-1465","page","type-page","status-publish","hentry"],"yoast_head":"<!-- This site is optimized with the Yoast SEO plugin v27.3 - https:\/\/yoast.com\/product\/yoast-seo-wordpress\/ -->\n<title>Drept comercial - Cabinet Avocatur\u0103 Manuela S\u00eerbu<\/title>\n<meta name=\"description\" content=\"Drept comercial - Cabinet Avocatur\u0103 Manuela S\u00eerbu - Abordez fiecare provocare juridic\u0103 a afacerii tale cu o perspectiv\u0103 multidisciplina...\" \/>\n<meta name=\"robots\" content=\"index, follow, max-snippet:-1, max-image-preview:large, max-video-preview:-1\" \/>\n<link rel=\"canonical\" href=\"https:\/\/manuelasirbu.ro\/en\/drept-comercial-cabinet-avocatura-manuela-sirbu\/\" \/>\n<meta property=\"og:locale\" content=\"en_US\" \/>\n<meta property=\"og:type\" content=\"article\" \/>\n<meta property=\"og:title\" content=\"Drept comercial - Cabinet Avocatur\u0103 Manuela S\u00eerbu\" \/>\n<meta property=\"og:description\" content=\"Drept comercial - Cabinet Avocatur\u0103 Manuela S\u00eerbu - Abordez fiecare provocare juridic\u0103 a afacerii tale cu o perspectiv\u0103 multidisciplina...\" \/>\n<meta property=\"og:url\" content=\"https:\/\/manuelasirbu.ro\/en\/drept-comercial-cabinet-avocatura-manuela-sirbu\/\" \/>\n<meta property=\"og:site_name\" content=\"Avocat\" \/>\n<meta property=\"article:modified_time\" content=\"2023-09-15T23:24:00+00:00\" \/>\n<meta name=\"twitter:card\" content=\"summary_large_image\" \/>\n<meta name=\"twitter:label1\" content=\"Est. reading time\" \/>\n\t<meta name=\"twitter:data1\" content=\"2 minutes\" \/>\n<script type=\"application\/ld+json\" class=\"yoast-schema-graph\">{\"@context\":\"https:\\\/\\\/schema.org\",\"@graph\":[{\"@type\":\"WebPage\",\"@id\":\"https:\\\/\\\/manuelasirbu.ro\\\/en\\\/drept-comercial-cabinet-avocatura-manuela-sirbu\\\/\",\"url\":\"https:\\\/\\\/manuelasirbu.ro\\\/en\\\/drept-comercial-cabinet-avocatura-manuela-sirbu\\\/\",\"name\":\"Drept comercial - Cabinet Avocatur\u0103 Manuela S\u00eerbu\",\"isPartOf\":{\"@id\":\"https:\\\/\\\/manuelasirbu.ro\\\/#website\"},\"datePublished\":\"2023-09-01T09:39:05+00:00\",\"dateModified\":\"2023-09-15T23:24:00+00:00\",\"description\":\"Drept comercial - Cabinet Avocatur\u0103 Manuela S\u00eerbu - Abordez fiecare provocare juridic\u0103 a afacerii tale cu o perspectiv\u0103 multidisciplina...\",\"breadcrumb\":{\"@id\":\"https:\\\/\\\/manuelasirbu.ro\\\/en\\\/drept-comercial-cabinet-avocatura-manuela-sirbu\\\/#breadcrumb\"},\"inLanguage\":\"en-US\",\"potentialAction\":[{\"@type\":\"ReadAction\",\"target\":[\"https:\\\/\\\/manuelasirbu.ro\\\/en\\\/drept-comercial-cabinet-avocatura-manuela-sirbu\\\/\"]}]},{\"@type\":\"BreadcrumbList\",\"@id\":\"https:\\\/\\\/manuelasirbu.ro\\\/en\\\/drept-comercial-cabinet-avocatura-manuela-sirbu\\\/#breadcrumb\",\"itemListElement\":[{\"@type\":\"ListItem\",\"position\":1,\"name\":\"Prima pagin\u0103\",\"item\":\"https:\\\/\\\/manuelasirbu.ro\\\/\"},{\"@type\":\"ListItem\",\"position\":2,\"name\":\"Drept comercial\"}]},{\"@type\":\"WebSite\",\"@id\":\"https:\\\/\\\/manuelasirbu.ro\\\/#website\",\"url\":\"https:\\\/\\\/manuelasirbu.ro\\\/\",\"name\":\"Avocat\",\"description\":\"Manuela S\u00eerbu\",\"publisher\":{\"@id\":\"https:\\\/\\\/manuelasirbu.ro\\\/#organization\"},\"potentialAction\":[{\"@type\":\"SearchAction\",\"target\":{\"@type\":\"EntryPoint\",\"urlTemplate\":\"https:\\\/\\\/manuelasirbu.ro\\\/?s={search_term_string}\"},\"query-input\":{\"@type\":\"PropertyValueSpecification\",\"valueRequired\":true,\"valueName\":\"search_term_string\"}}],\"inLanguage\":\"en-US\"},{\"@type\":\"Organization\",\"@id\":\"https:\\\/\\\/manuelasirbu.ro\\\/#organization\",\"name\":\"Avocat\",\"url\":\"https:\\\/\\\/manuelasirbu.ro\\\/\",\"logo\":{\"@type\":\"ImageObject\",\"inLanguage\":\"en-US\",\"@id\":\"https:\\\/\\\/manuelasirbu.ro\\\/#\\\/schema\\\/logo\\\/image\\\/\",\"url\":\"https:\\\/\\\/manuelasirbu.ro\\\/wp-content\\\/uploads\\\/2023\\\/08\\\/poooo-1.png\",\"contentUrl\":\"https:\\\/\\\/manuelasirbu.ro\\\/wp-content\\\/uploads\\\/2023\\\/08\\\/poooo-1.png\",\"width\":1408,\"height\":315,\"caption\":\"Avocat\"},\"image\":{\"@id\":\"https:\\\/\\\/manuelasirbu.ro\\\/#\\\/schema\\\/logo\\\/image\\\/\"}}]}<\/script>\n<!-- \/ Yoast SEO plugin. -->","yoast_head_json":{"title":"Drept comercial - Cabinet Avocatur\u0103 Manuela S\u00eerbu","description":"Drept comercial - Cabinet Avocatur\u0103 Manuela S\u00eerbu - Abordez fiecare provocare juridic\u0103 a afacerii tale cu o perspectiv\u0103 multidisciplina...","robots":{"index":"index","follow":"follow","max-snippet":"max-snippet:-1","max-image-preview":"max-image-preview:large","max-video-preview":"max-video-preview:-1"},"canonical":"https:\/\/manuelasirbu.ro\/en\/drept-comercial-cabinet-avocatura-manuela-sirbu\/","og_locale":"en_US","og_type":"article","og_title":"Drept comercial - Cabinet Avocatur\u0103 Manuela S\u00eerbu","og_description":"Drept comercial - Cabinet Avocatur\u0103 Manuela S\u00eerbu - Abordez fiecare provocare juridic\u0103 a afacerii tale cu o perspectiv\u0103 multidisciplina...","og_url":"https:\/\/manuelasirbu.ro\/en\/drept-comercial-cabinet-avocatura-manuela-sirbu\/","og_site_name":"Avocat","article_modified_time":"2023-09-15T23:24:00+00:00","twitter_card":"summary_large_image","twitter_misc":{"Est. reading time":"2 minutes"},"schema":{"@context":"https:\/\/schema.org","@graph":[{"@type":"WebPage","@id":"https:\/\/manuelasirbu.ro\/en\/drept-comercial-cabinet-avocatura-manuela-sirbu\/","url":"https:\/\/manuelasirbu.ro\/en\/drept-comercial-cabinet-avocatura-manuela-sirbu\/","name":"Drept comercial - Cabinet Avocatur\u0103 Manuela S\u00eerbu","isPartOf":{"@id":"https:\/\/manuelasirbu.ro\/#website"},"datePublished":"2023-09-01T09:39:05+00:00","dateModified":"2023-09-15T23:24:00+00:00","description":"Drept comercial - Cabinet Avocatur\u0103 Manuela S\u00eerbu - Abordez fiecare provocare juridic\u0103 a afacerii tale cu o perspectiv\u0103 multidisciplina...","breadcrumb":{"@id":"https:\/\/manuelasirbu.ro\/en\/drept-comercial-cabinet-avocatura-manuela-sirbu\/#breadcrumb"},"inLanguage":"en-US","potentialAction":[{"@type":"ReadAction","target":["https:\/\/manuelasirbu.ro\/en\/drept-comercial-cabinet-avocatura-manuela-sirbu\/"]}]},{"@type":"BreadcrumbList","@id":"https:\/\/manuelasirbu.ro\/en\/drept-comercial-cabinet-avocatura-manuela-sirbu\/#breadcrumb","itemListElement":[{"@type":"ListItem","position":1,"name":"Prima pagin\u0103","item":"https:\/\/manuelasirbu.ro\/"},{"@type":"ListItem","position":2,"name":"Drept comercial"}]},{"@type":"WebSite","@id":"https:\/\/manuelasirbu.ro\/#website","url":"https:\/\/manuelasirbu.ro\/","name":"Avocat","description":"Manuela S\u00eerbu","publisher":{"@id":"https:\/\/manuelasirbu.ro\/#organization"},"potentialAction":[{"@type":"SearchAction","target":{"@type":"EntryPoint","urlTemplate":"https:\/\/manuelasirbu.ro\/?s={search_term_string}"},"query-input":{"@type":"PropertyValueSpecification","valueRequired":true,"valueName":"search_term_string"}}],"inLanguage":"en-US"},{"@type":"Organization","@id":"https:\/\/manuelasirbu.ro\/#organization","name":"Avocat","url":"https:\/\/manuelasirbu.ro\/","logo":{"@type":"ImageObject","inLanguage":"en-US","@id":"https:\/\/manuelasirbu.ro\/#\/schema\/logo\/image\/","url":"https:\/\/manuelasirbu.ro\/wp-content\/uploads\/2023\/08\/poooo-1.png","contentUrl":"https:\/\/manuelasirbu.ro\/wp-content\/uploads\/2023\/08\/poooo-1.png","width":1408,"height":315,"caption":"Avocat"},"image":{"@id":"https:\/\/manuelasirbu.ro\/#\/schema\/logo\/image\/"}}]}},"_links":{"self":[{"href":"https:\/\/manuelasirbu.ro\/en\/wp-json\/wp\/v2\/pages\/1465","targetHints":{"allow":["GET"]}}],"collection":[{"href":"https:\/\/manuelasirbu.ro\/en\/wp-json\/wp\/v2\/pages"}],"about":[{"href":"https:\/\/manuelasirbu.ro\/en\/wp-json\/wp\/v2\/types\/page"}],"author":[{"embeddable":true,"href":"https:\/\/manuelasirbu.ro\/en\/wp-json\/wp\/v2\/users\/1"}],"replies":[{"embeddable":true,"href":"https:\/\/manuelasirbu.ro\/en\/wp-json\/wp\/v2\/comments?post=1465"}],"version-history":[{"count":3,"href":"https:\/\/manuelasirbu.ro\/en\/wp-json\/wp\/v2\/pages\/1465\/revisions"}],"predecessor-version":[{"id":1676,"href":"https:\/\/manuelasirbu.ro\/en\/wp-json\/wp\/v2\/pages\/1465\/revisions\/1676"}],"wp:attachment":[{"href":"https:\/\/manuelasirbu.ro\/en\/wp-json\/wp\/v2\/media?parent=1465"}],"curies":[{"name":"wp","href":"https:\/\/api.w.org\/{rel}","templated":true}]}}