{"id":1474,"date":"2023-09-01T12:44:27","date_gmt":"2023-09-01T09:44:27","guid":{"rendered":"https:\/\/manuelasirbu.ro\/?page_id=1474"},"modified":"2023-09-07T22:09:53","modified_gmt":"2023-09-07T19:09:53","slug":"drept-civil-cabinet-avocatura-manuela-sirbu","status":"publish","type":"page","link":"https:\/\/manuelasirbu.ro\/en\/drept-civil-cabinet-avocatura-manuela-sirbu\/","title":{"rendered":"Civil law"},"content":{"rendered":"<div data-elementor-type=\"wp-post\" data-elementor-id=\"1474\" class=\"elementor elementor-1474\" data-elementor-post-type=\"page\">\n\t\t\t\t\t\t<section class=\"elementor-section elementor-top-section elementor-element elementor-element-429ec73 elementor-section-boxed elementor-section-height-default elementor-section-height-default\" data-id=\"429ec73\" data-element_type=\"section\" data-e-type=\"section\" data-settings=\"{&quot;background_background&quot;:&quot;classic&quot;}\">\n\t\t\t\t\t\t\t<div class=\"elementor-background-overlay\"><\/div>\n\t\t\t\t\t\t\t<div class=\"elementor-container elementor-column-gap-wide\">\n\t\t\t\t\t<div class=\"elementor-column elementor-col-100 elementor-top-column elementor-element elementor-element-097e733\" data-id=\"097e733\" data-element_type=\"column\" data-e-type=\"column\">\n\t\t\t<div class=\"elementor-widget-wrap elementor-element-populated\">\n\t\t\t\t\t\t<div class=\"elementor-element elementor-element-2d4b0ac elementor-widget elementor-widget-heading\" data-id=\"2d4b0ac\" data-element_type=\"widget\" data-e-type=\"widget\" data-widget_type=\"heading.default\">\n\t\t\t\t<div class=\"elementor-widget-container\">\n\t\t\t\t\t<h1 class=\"elementor-heading-title elementor-size-default\">Civil law<\/h1>\t\t\t\t<\/div>\n\t\t\t\t<\/div>\n\t\t\t\t\t<\/div>\n\t\t<\/div>\n\t\t\t\t\t<\/div>\n\t\t<\/section>\n\t\t\t\t<section class=\"elementor-section elementor-top-section elementor-element elementor-element-3014398e elementor-section-content-middle elementor-section-boxed elementor-section-height-default elementor-section-height-default\" data-id=\"3014398e\" data-element_type=\"section\" data-e-type=\"section\">\n\t\t\t\t\t\t<div class=\"elementor-container elementor-column-gap-wide\">\n\t\t\t\t\t<div class=\"elementor-column elementor-col-100 elementor-top-column elementor-element elementor-element-1b0d3749\" data-id=\"1b0d3749\" data-element_type=\"column\" data-e-type=\"column\">\n\t\t\t<div class=\"elementor-widget-wrap elementor-element-populated\">\n\t\t\t\t\t\t<div class=\"elementor-element elementor-element-64e39c62 elementor-widget elementor-widget-heading\" data-id=\"64e39c62\" data-element_type=\"widget\" data-e-type=\"widget\" data-widget_type=\"heading.default\">\n\t\t\t\t<div class=\"elementor-widget-container\">\n\t\t\t\t\t<h3 class=\"elementor-heading-title elementor-size-default\">In such a complex legal landscape, an experienced lawyer turns every challenge into a favorable solution.<\/h3>\t\t\t\t<\/div>\n\t\t\t\t<\/div>\n\t\t\t\t<div class=\"elementor-element elementor-element-70667a7 elementor-widget elementor-widget-text-editor\" data-id=\"70667a7\" data-element_type=\"widget\" data-e-type=\"widget\" data-widget_type=\"text-editor.default\">\n\t\t\t\t<div class=\"elementor-widget-container\">\n\t\t\t\t\t\t\t\t\t<p><span style=\"font-weight: 400;\">If you reject compromises and seek top-tier representation, you've found the solution. <\/span><b>In a complex and ever-evolving legal world<\/b><span style=\"font-weight: 400;\">, choosing a dedicated and <\/span><b>experienced<\/b><span style=\"font-weight: 400;\"> lawyer in civil law can make all the difference. If you're in search of exceptional legal representation, I present myself as a specialized lawyer with a proven track record in successfully resolving civil law cases.<\/span><\/p><p>\u00a0<\/p><p><span style=\"font-weight: 400;\">I offer a broad range of legal services, spanning from<\/span><i><span style=\"font-weight: 400;\"> representation in courts and strategic assistance before authorities, to the meticulous and professional handling of civil disputes, regardless of their complexity.<\/span><\/i><span style=\"font-weight: 400;\"> My commitment manifests itself through <\/span><b>detailed analysis<\/b><span style=\"font-weight: 400;\">, <\/span><b>meticulous drafting and efficient negotiation<\/b><span style=\"font-weight: 400;\"> of legal documents. In tense situations, my intervention is swift and aimed at resolving agreement disputes to the client's advantage.<\/span><\/p><p>\u00a0<\/p><p><span style=\"font-weight: 400;\">Furthermore, my active involvement extends to drafting a variety of legal documentation, from simple documents to the most complex ones, ensuring <\/span><b>in-depth analysis and the creation of personalized legal strategies for each situation, including in cases involving real estate disputes.<\/b><\/p><p>\u00a0<\/p><p><span style=\"font-weight: 400;\">Professionalism, dedication and a deep sense of detail are the defining elements of my approach, assuring you that your legal interests are in safe and competent hands. My mission is not limited to providing legal solutions but extends to crafting tailored, precise and effective strategies for each client.<\/span><\/p><p>\u00a0<\/p><p><span style=\"font-weight: 400;\">The adventure in the field of civil law is nuanced, and I combine <\/span><b>a deep understanding of the legislation<\/b><span style=\"font-weight: 400;\"> with the flexibility and adaptability required to successfully navigate this field.\u00a0<\/span><\/p><p>\u00a0<\/p><p><span style=\"font-weight: 400;\">My profound commitment to serving the interests of my clients has positioned me <\/span><b>as a lawyer with a solid reputation, recognized for professionalism, integrity, and above all, exceptional results.<\/b><\/p><p>\u00a0<\/p><p><b>Navigate the legal complexities with confidence, having a dedicated lawyer by your side. I will guide you step by step through the specifics of your case. Let me stand with you in your legal dispute!<\/b><\/p>\t\t\t\t\t\t\t\t<\/div>\n\t\t\t\t<\/div>\n\t\t\t\t<div class=\"elementor-element elementor-element-99136d elementor-widget elementor-widget-heading\" data-id=\"99136d\" data-element_type=\"widget\" data-e-type=\"widget\" data-widget_type=\"heading.default\">\n\t\t\t\t<div class=\"elementor-widget-container\">\n\t\t\t\t\t<h3 class=\"elementor-heading-title elementor-size-default\">Schedule a consultation<\/h3>\t\t\t\t<\/div>\n\t\t\t\t<\/div>\n\t\t\t\t<div class=\"elementor-element elementor-element-40a86101 elementor-align-center elementor-widget elementor-widget-button\" data-id=\"40a86101\" data-element_type=\"widget\" data-e-type=\"widget\" data-widget_type=\"button.default\">\n\t\t\t\t<div class=\"elementor-widget-container\">\n\t\t\t\t\t\t\t\t\t<div class=\"elementor-button-wrapper\">\n\t\t\t\t\t<a class=\"elementor-button elementor-button-link elementor-size-md\" href=\"https:\/\/manuelasirbu.ro\/en\/contact\/\">\n\t\t\t\t\t\t<span class=\"elementor-button-content-wrapper\">\n\t\t\t\t\t\t\t\t\t<span class=\"elementor-button-text\">SCHEDULE NOW<\/span>\n\t\t\t\t\t<\/span>\n\t\t\t\t\t<\/a>\n\t\t\t\t<\/div>\n\t\t\t\t\t\t\t\t<\/div>\n\t\t\t\t<\/div>\n\t\t\t\t\t<\/div>\n\t\t<\/div>\n\t\t\t\t\t<\/div>\n\t\t<\/section>\n\t\t\t\t<\/div>","protected":false},"excerpt":{"rendered":"<p>Drept civil \u00centr-un peisaj juridic at\u00e2t de complex, un avocat experimentat transform\u0103 fiecare provocare \u00eentr-o solu\u021bie favorabil\u0103 Dac\u0103 refuzi compromisurile \u0219i cau\u021bi reprezentare de top, ai g\u0103sit solu\u021bia. \u00centr-o lume juridic\u0103 complex\u0103 \u0219i \u00een continu\u0103 schimbare, alegerea unui avocat dedicat \u0219i cu experien\u021b\u0103 \u00een domeniul dreptului civil poate face diferen\u021ba. Dac\u0103 e\u0219ti \u00een c\u0103utarea unei [&hellip;]<\/p>\n","protected":false},"author":1,"featured_media":0,"parent":0,"menu_order":0,"comment_status":"closed","ping_status":"closed","template":"","meta":{"site-sidebar-layout":"no-sidebar","site-content-layout":"page-builder","ast-site-content-layout":"full-width-container","site-content-style":"unboxed","site-sidebar-style":"unboxed","ast-global-header-display":"","ast-banner-title-visibility":"","ast-main-header-display":"","ast-hfb-above-header-display":"","ast-hfb-below-header-display":"","ast-hfb-mobile-header-display":"","site-post-title":"disabled","ast-breadcrumbs-content":"","ast-featured-img":"","footer-sml-layout":"","ast-disable-related-posts":"","theme-transparent-header-meta":"enabled","adv-header-id-meta":"","stick-header-meta":"","header-above-stick-meta":"","header-main-stick-meta":"","header-below-stick-meta":"","astra-migrate-meta-layouts":"set","ast-page-background-enabled":"default","ast-page-background-meta":{"desktop":{"background-color":"","background-image":"","background-repeat":"repeat","background-position":"center center","background-size":"auto","background-attachment":"scroll","background-type":"","background-media":"","overlay-type":"","overlay-color":"","overlay-opacity":"","overlay-gradient":""},"tablet":{"background-color":"","background-image":"","background-repeat":"repeat","background-position":"center center","background-size":"auto","background-attachment":"scroll","background-type":"","background-media":"","overlay-type":"","overlay-color":"","overlay-opacity":"","overlay-gradient":""},"mobile":{"background-color":"","background-image":"","background-repeat":"repeat","background-position":"center center","background-size":"auto","background-attachment":"scroll","background-type":"","background-media":"","overlay-type":"","overlay-color":"","overlay-opacity":"","overlay-gradient":""}},"ast-content-background-meta":{"desktop":{"background-color":"var(--ast-global-color-5)","background-image":"","background-repeat":"repeat","background-position":"center center","background-size":"auto","background-attachment":"scroll","background-type":"","background-media":"","overlay-type":"","overlay-color":"","overlay-opacity":"","overlay-gradient":""},"tablet":{"background-color":"var(--ast-global-color-5)","background-image":"","background-repeat":"repeat","background-position":"center center","background-size":"auto","background-attachment":"scroll","background-type":"","background-media":"","overlay-type":"","overlay-color":"","overlay-opacity":"","overlay-gradient":""},"mobile":{"background-color":"var(--ast-global-color-5)","background-image":"","background-repeat":"repeat","background-position":"center center","background-size":"auto","background-attachment":"scroll","background-type":"","background-media":"","overlay-type":"","overlay-color":"","overlay-opacity":"","overlay-gradient":""}},"footnotes":""},"class_list":["post-1474","page","type-page","status-publish","hentry"],"yoast_head":"<!-- This site is optimized with the Yoast SEO plugin v27.3 - https:\/\/yoast.com\/product\/yoast-seo-wordpress\/ -->\n<title>Drept civil - Cabinet Avocatur\u0103 Manuela S\u00eerbu<\/title>\n<meta name=\"description\" content=\"Drept civil - Cabinet Avocatur\u0103 Manuela S\u00eerbu - \u00centr-un peisaj juridic at\u00e2t de complex, un avocat experimentat transform\u0103 fiecare provoc...\" \/>\n<meta name=\"robots\" content=\"index, follow, max-snippet:-1, max-image-preview:large, max-video-preview:-1\" \/>\n<link rel=\"canonical\" href=\"https:\/\/manuelasirbu.ro\/en\/drept-civil-cabinet-avocatura-manuela-sirbu\/\" \/>\n<meta property=\"og:locale\" content=\"en_US\" \/>\n<meta property=\"og:type\" content=\"article\" \/>\n<meta property=\"og:title\" content=\"Drept civil - Cabinet Avocatur\u0103 Manuela S\u00eerbu\" \/>\n<meta property=\"og:description\" content=\"Drept civil - Cabinet Avocatur\u0103 Manuela S\u00eerbu - \u00centr-un peisaj juridic at\u00e2t de complex, un avocat experimentat transform\u0103 fiecare provoc...\" \/>\n<meta property=\"og:url\" content=\"https:\/\/manuelasirbu.ro\/en\/drept-civil-cabinet-avocatura-manuela-sirbu\/\" \/>\n<meta property=\"og:site_name\" content=\"Avocat\" \/>\n<meta property=\"article:modified_time\" content=\"2023-09-07T19:09:53+00:00\" \/>\n<meta name=\"twitter:card\" content=\"summary_large_image\" \/>\n<meta name=\"twitter:label1\" content=\"Est. reading time\" \/>\n\t<meta name=\"twitter:data1\" content=\"2 minutes\" \/>\n<script type=\"application\/ld+json\" class=\"yoast-schema-graph\">{\"@context\":\"https:\\\/\\\/schema.org\",\"@graph\":[{\"@type\":\"WebPage\",\"@id\":\"https:\\\/\\\/manuelasirbu.ro\\\/en\\\/drept-civil-cabinet-avocatura-manuela-sirbu\\\/\",\"url\":\"https:\\\/\\\/manuelasirbu.ro\\\/en\\\/drept-civil-cabinet-avocatura-manuela-sirbu\\\/\",\"name\":\"Drept civil - Cabinet Avocatur\u0103 Manuela S\u00eerbu\",\"isPartOf\":{\"@id\":\"https:\\\/\\\/manuelasirbu.ro\\\/#website\"},\"datePublished\":\"2023-09-01T09:44:27+00:00\",\"dateModified\":\"2023-09-07T19:09:53+00:00\",\"description\":\"Drept civil - Cabinet Avocatur\u0103 Manuela S\u00eerbu - \u00centr-un peisaj juridic at\u00e2t de complex, un avocat experimentat transform\u0103 fiecare provoc...\",\"breadcrumb\":{\"@id\":\"https:\\\/\\\/manuelasirbu.ro\\\/en\\\/drept-civil-cabinet-avocatura-manuela-sirbu\\\/#breadcrumb\"},\"inLanguage\":\"en-US\",\"potentialAction\":[{\"@type\":\"ReadAction\",\"target\":[\"https:\\\/\\\/manuelasirbu.ro\\\/en\\\/drept-civil-cabinet-avocatura-manuela-sirbu\\\/\"]}]},{\"@type\":\"BreadcrumbList\",\"@id\":\"https:\\\/\\\/manuelasirbu.ro\\\/en\\\/drept-civil-cabinet-avocatura-manuela-sirbu\\\/#breadcrumb\",\"itemListElement\":[{\"@type\":\"ListItem\",\"position\":1,\"name\":\"Prima pagin\u0103\",\"item\":\"https:\\\/\\\/manuelasirbu.ro\\\/\"},{\"@type\":\"ListItem\",\"position\":2,\"name\":\"Drept civil\"}]},{\"@type\":\"WebSite\",\"@id\":\"https:\\\/\\\/manuelasirbu.ro\\\/#website\",\"url\":\"https:\\\/\\\/manuelasirbu.ro\\\/\",\"name\":\"Avocat\",\"description\":\"Manuela S\u00eerbu\",\"publisher\":{\"@id\":\"https:\\\/\\\/manuelasirbu.ro\\\/#organization\"},\"potentialAction\":[{\"@type\":\"SearchAction\",\"target\":{\"@type\":\"EntryPoint\",\"urlTemplate\":\"https:\\\/\\\/manuelasirbu.ro\\\/?s={search_term_string}\"},\"query-input\":{\"@type\":\"PropertyValueSpecification\",\"valueRequired\":true,\"valueName\":\"search_term_string\"}}],\"inLanguage\":\"en-US\"},{\"@type\":\"Organization\",\"@id\":\"https:\\\/\\\/manuelasirbu.ro\\\/#organization\",\"name\":\"Avocat\",\"url\":\"https:\\\/\\\/manuelasirbu.ro\\\/\",\"logo\":{\"@type\":\"ImageObject\",\"inLanguage\":\"en-US\",\"@id\":\"https:\\\/\\\/manuelasirbu.ro\\\/#\\\/schema\\\/logo\\\/image\\\/\",\"url\":\"https:\\\/\\\/manuelasirbu.ro\\\/wp-content\\\/uploads\\\/2023\\\/08\\\/poooo-1.png\",\"contentUrl\":\"https:\\\/\\\/manuelasirbu.ro\\\/wp-content\\\/uploads\\\/2023\\\/08\\\/poooo-1.png\",\"width\":1408,\"height\":315,\"caption\":\"Avocat\"},\"image\":{\"@id\":\"https:\\\/\\\/manuelasirbu.ro\\\/#\\\/schema\\\/logo\\\/image\\\/\"}}]}<\/script>\n<!-- \/ Yoast SEO plugin. -->","yoast_head_json":{"title":"Drept civil - Cabinet Avocatur\u0103 Manuela S\u00eerbu","description":"Drept civil - Cabinet Avocatur\u0103 Manuela S\u00eerbu - \u00centr-un peisaj juridic at\u00e2t de complex, un avocat experimentat transform\u0103 fiecare provoc...","robots":{"index":"index","follow":"follow","max-snippet":"max-snippet:-1","max-image-preview":"max-image-preview:large","max-video-preview":"max-video-preview:-1"},"canonical":"https:\/\/manuelasirbu.ro\/en\/drept-civil-cabinet-avocatura-manuela-sirbu\/","og_locale":"en_US","og_type":"article","og_title":"Drept civil - Cabinet Avocatur\u0103 Manuela S\u00eerbu","og_description":"Drept civil - Cabinet Avocatur\u0103 Manuela S\u00eerbu - \u00centr-un peisaj juridic at\u00e2t de complex, un avocat experimentat transform\u0103 fiecare provoc...","og_url":"https:\/\/manuelasirbu.ro\/en\/drept-civil-cabinet-avocatura-manuela-sirbu\/","og_site_name":"Avocat","article_modified_time":"2023-09-07T19:09:53+00:00","twitter_card":"summary_large_image","twitter_misc":{"Est. reading time":"2 minutes"},"schema":{"@context":"https:\/\/schema.org","@graph":[{"@type":"WebPage","@id":"https:\/\/manuelasirbu.ro\/en\/drept-civil-cabinet-avocatura-manuela-sirbu\/","url":"https:\/\/manuelasirbu.ro\/en\/drept-civil-cabinet-avocatura-manuela-sirbu\/","name":"Drept civil - Cabinet Avocatur\u0103 Manuela S\u00eerbu","isPartOf":{"@id":"https:\/\/manuelasirbu.ro\/#website"},"datePublished":"2023-09-01T09:44:27+00:00","dateModified":"2023-09-07T19:09:53+00:00","description":"Drept civil - Cabinet Avocatur\u0103 Manuela S\u00eerbu - \u00centr-un peisaj juridic at\u00e2t de complex, un avocat experimentat transform\u0103 fiecare provoc...","breadcrumb":{"@id":"https:\/\/manuelasirbu.ro\/en\/drept-civil-cabinet-avocatura-manuela-sirbu\/#breadcrumb"},"inLanguage":"en-US","potentialAction":[{"@type":"ReadAction","target":["https:\/\/manuelasirbu.ro\/en\/drept-civil-cabinet-avocatura-manuela-sirbu\/"]}]},{"@type":"BreadcrumbList","@id":"https:\/\/manuelasirbu.ro\/en\/drept-civil-cabinet-avocatura-manuela-sirbu\/#breadcrumb","itemListElement":[{"@type":"ListItem","position":1,"name":"Prima pagin\u0103","item":"https:\/\/manuelasirbu.ro\/"},{"@type":"ListItem","position":2,"name":"Drept civil"}]},{"@type":"WebSite","@id":"https:\/\/manuelasirbu.ro\/#website","url":"https:\/\/manuelasirbu.ro\/","name":"Avocat","description":"Manuela S\u00eerbu","publisher":{"@id":"https:\/\/manuelasirbu.ro\/#organization"},"potentialAction":[{"@type":"SearchAction","target":{"@type":"EntryPoint","urlTemplate":"https:\/\/manuelasirbu.ro\/?s={search_term_string}"},"query-input":{"@type":"PropertyValueSpecification","valueRequired":true,"valueName":"search_term_string"}}],"inLanguage":"en-US"},{"@type":"Organization","@id":"https:\/\/manuelasirbu.ro\/#organization","name":"Avocat","url":"https:\/\/manuelasirbu.ro\/","logo":{"@type":"ImageObject","inLanguage":"en-US","@id":"https:\/\/manuelasirbu.ro\/#\/schema\/logo\/image\/","url":"https:\/\/manuelasirbu.ro\/wp-content\/uploads\/2023\/08\/poooo-1.png","contentUrl":"https:\/\/manuelasirbu.ro\/wp-content\/uploads\/2023\/08\/poooo-1.png","width":1408,"height":315,"caption":"Avocat"},"image":{"@id":"https:\/\/manuelasirbu.ro\/#\/schema\/logo\/image\/"}}]}},"_links":{"self":[{"href":"https:\/\/manuelasirbu.ro\/en\/wp-json\/wp\/v2\/pages\/1474","targetHints":{"allow":["GET"]}}],"collection":[{"href":"https:\/\/manuelasirbu.ro\/en\/wp-json\/wp\/v2\/pages"}],"about":[{"href":"https:\/\/manuelasirbu.ro\/en\/wp-json\/wp\/v2\/types\/page"}],"author":[{"embeddable":true,"href":"https:\/\/manuelasirbu.ro\/en\/wp-json\/wp\/v2\/users\/1"}],"replies":[{"embeddable":true,"href":"https:\/\/manuelasirbu.ro\/en\/wp-json\/wp\/v2\/comments?post=1474"}],"version-history":[{"count":3,"href":"https:\/\/manuelasirbu.ro\/en\/wp-json\/wp\/v2\/pages\/1474\/revisions"}],"predecessor-version":[{"id":1561,"href":"https:\/\/manuelasirbu.ro\/en\/wp-json\/wp\/v2\/pages\/1474\/revisions\/1561"}],"wp:attachment":[{"href":"https:\/\/manuelasirbu.ro\/en\/wp-json\/wp\/v2\/media?parent=1474"}],"curies":[{"name":"wp","href":"https:\/\/api.w.org\/{rel}","templated":true}]}}