{"id":1479,"date":"2023-09-01T12:46:33","date_gmt":"2023-09-01T09:46:33","guid":{"rendered":"https:\/\/manuelasirbu.ro\/?page_id=1479"},"modified":"2023-09-08T13:15:14","modified_gmt":"2023-09-08T10:15:14","slug":"insolventa-cabinet-avocatura-manuela-sirbu","status":"publish","type":"page","link":"https:\/\/manuelasirbu.ro\/en\/insolventa-cabinet-avocatura-manuela-sirbu\/","title":{"rendered":"Insolvency"},"content":{"rendered":"<div data-elementor-type=\"wp-post\" data-elementor-id=\"1479\" class=\"elementor elementor-1479\" data-elementor-post-type=\"page\">\n\t\t\t\t\t\t<section class=\"elementor-section elementor-top-section elementor-element elementor-element-429ec73 elementor-section-boxed elementor-section-height-default elementor-section-height-default\" data-id=\"429ec73\" data-element_type=\"section\" data-e-type=\"section\" data-settings=\"{&quot;background_background&quot;:&quot;classic&quot;}\">\n\t\t\t\t\t\t\t<div class=\"elementor-background-overlay\"><\/div>\n\t\t\t\t\t\t\t<div class=\"elementor-container elementor-column-gap-wide\">\n\t\t\t\t\t<div class=\"elementor-column elementor-col-100 elementor-top-column elementor-element elementor-element-097e733\" data-id=\"097e733\" data-element_type=\"column\" data-e-type=\"column\">\n\t\t\t<div class=\"elementor-widget-wrap elementor-element-populated\">\n\t\t\t\t\t\t<div class=\"elementor-element elementor-element-2d4b0ac elementor-widget elementor-widget-heading\" data-id=\"2d4b0ac\" data-element_type=\"widget\" data-e-type=\"widget\" data-widget_type=\"heading.default\">\n\t\t\t\t<div class=\"elementor-widget-container\">\n\t\t\t\t\t<h1 class=\"elementor-heading-title elementor-size-default\">Insolvency<\/h1>\t\t\t\t<\/div>\n\t\t\t\t<\/div>\n\t\t\t\t\t<\/div>\n\t\t<\/div>\n\t\t\t\t\t<\/div>\n\t\t<\/section>\n\t\t\t\t<section class=\"elementor-section elementor-top-section elementor-element elementor-element-3014398e elementor-section-content-middle elementor-section-boxed elementor-section-height-default elementor-section-height-default\" data-id=\"3014398e\" data-element_type=\"section\" data-e-type=\"section\">\n\t\t\t\t\t\t<div class=\"elementor-container elementor-column-gap-wide\">\n\t\t\t\t\t<div class=\"elementor-column elementor-col-100 elementor-top-column elementor-element elementor-element-1b0d3749\" data-id=\"1b0d3749\" data-element_type=\"column\" data-e-type=\"column\">\n\t\t\t<div class=\"elementor-widget-wrap elementor-element-populated\">\n\t\t\t\t\t\t<div class=\"elementor-element elementor-element-64e39c62 elementor-widget elementor-widget-heading\" data-id=\"64e39c62\" data-element_type=\"widget\" data-e-type=\"widget\" data-widget_type=\"heading.default\">\n\t\t\t\t<div class=\"elementor-widget-container\">\n\t\t\t\t\t<h3 class=\"elementor-heading-title elementor-size-default\">Looking for a lawyer or an insolvency practitioner, efficient and professional? I'm here to offer you the best solutions.<\/h3>\t\t\t\t<\/div>\n\t\t\t\t<\/div>\n\t\t\t\t<div class=\"elementor-element elementor-element-70667a7 elementor-widget elementor-widget-text-editor\" data-id=\"70667a7\" data-element_type=\"widget\" data-e-type=\"widget\" data-widget_type=\"text-editor.default\">\n\t\t\t\t<div class=\"elementor-widget-container\">\n\t\t\t\t\t\t\t\t\t<p><span style=\"font-weight: 400;\">I am an insolvency practitioner and have been a member of UNPIR (National Union of Insolvency Practitioners in Romania) since 2009, serving as a coordinating associate at \u201eAGEN\u021aIA DE INSOLVEN\u021a\u0102\u201d SPRL. Along with the team I lead, we have successfully managed intricate reorganization and bankruptcy proceedings for major companies. Our efficiency and professionalism are reflected in our strategies to maximize debtor assets within insolvency procedures.<\/span><\/p><p><span style=\"font-weight: 400;\">In the current economic climate, where insolvency and reorganization have gained increasing significance, I have successfully assisted clients in reorganization or asset liquidation processes.\u00a0<\/span><\/p><p><b><i>I guarantee to find the best solutions for both debtors and creditors. Moreover, I will assist you in drafting and registering requests to initiate proceedings, objections, reorganization plans and\/or representation at creditor meetings.<\/i><\/b><\/p><p><span style=\"font-weight: 400;\">I provide the following services in this area:<\/span><\/p><p><span style=\"font-weight: 400;\">\u2013 Judicial-administrative reorganization<\/span><\/p><p><span style=\"font-weight: 400;\">\u2013 Debt recovery<\/span><\/p><p><span style=\"font-weight: 400;\">\u2013 Voluntary liquidation<\/span><\/p><p><span style=\"font-weight: 400;\">\u2013 Bankruptcy and judicial liquidation<\/span><\/p><p><span style=\"font-weight: 400;\">\u2013 Initiation and administration of judicial or special proceedings<\/span><\/p><p><span style=\"font-weight: 400;\">My technical expertise speaks for itself, but beyond that, I am committed to offering shrewd business advice, focused on efficient solutions. I work in partnership with my clients, understanding their needs and priorities, and providing direct and proactive assistance.<\/span><\/p><p><b>Turn the challenges of insolvency into opportunities.<\/b><span style=\"font-weight: 400;\"> Rely on my expertise and dedication for optimal results. <\/span><b>Work with a recognized specialist!<\/b><\/p>\t\t\t\t\t\t\t\t<\/div>\n\t\t\t\t<\/div>\n\t\t\t\t<div class=\"elementor-element elementor-element-99136d elementor-widget elementor-widget-heading\" data-id=\"99136d\" data-element_type=\"widget\" data-e-type=\"widget\" data-widget_type=\"heading.default\">\n\t\t\t\t<div class=\"elementor-widget-container\">\n\t\t\t\t\t<h3 class=\"elementor-heading-title elementor-size-default\">Schedule a consultation<\/h3>\t\t\t\t<\/div>\n\t\t\t\t<\/div>\n\t\t\t\t<div class=\"elementor-element elementor-element-40a86101 elementor-align-center elementor-widget elementor-widget-button\" data-id=\"40a86101\" data-element_type=\"widget\" data-e-type=\"widget\" data-widget_type=\"button.default\">\n\t\t\t\t<div class=\"elementor-widget-container\">\n\t\t\t\t\t\t\t\t\t<div class=\"elementor-button-wrapper\">\n\t\t\t\t\t<a class=\"elementor-button elementor-button-link elementor-size-md\" href=\"https:\/\/manuelasirbu.ro\/en\/contact\/\">\n\t\t\t\t\t\t<span class=\"elementor-button-content-wrapper\">\n\t\t\t\t\t\t\t\t\t<span class=\"elementor-button-text\">SCHEDULE NOW<\/span>\n\t\t\t\t\t<\/span>\n\t\t\t\t\t<\/a>\n\t\t\t\t<\/div>\n\t\t\t\t\t\t\t\t<\/div>\n\t\t\t\t<\/div>\n\t\t\t\t\t<\/div>\n\t\t<\/div>\n\t\t\t\t\t<\/div>\n\t\t<\/section>\n\t\t\t\t<\/div>","protected":false},"excerpt":{"rendered":"<p>Insolven\u021b\u0103 Cau\u021bi un avocat sau un practician \u00een insolven\u021b\u0103, eficient \u0219i profesionist? Sunt aici s\u0103-\u021bi ofer cele mai bune solu\u021bii. Sunt practician \u00een insolven\u021b\u0103 \u0219i membru al UNPIR \u00eencep\u00e2nd cu anul 2009, av\u00e2nd rolul de asociat coordonator la AGEN\u021aIA DE INSOLVEN\u021a\u0102 SPRL. \u00cempreun\u0103 cu echipa pe care o conduc, am gestionat cu succes proceduri complexe [&hellip;]<\/p>\n","protected":false},"author":1,"featured_media":0,"parent":0,"menu_order":0,"comment_status":"closed","ping_status":"closed","template":"","meta":{"site-sidebar-layout":"no-sidebar","site-content-layout":"page-builder","ast-site-content-layout":"full-width-container","site-content-style":"unboxed","site-sidebar-style":"unboxed","ast-global-header-display":"","ast-banner-title-visibility":"","ast-main-header-display":"","ast-hfb-above-header-display":"","ast-hfb-below-header-display":"","ast-hfb-mobile-header-display":"","site-post-title":"disabled","ast-breadcrumbs-content":"","ast-featured-img":"","footer-sml-layout":"","ast-disable-related-posts":"","theme-transparent-header-meta":"enabled","adv-header-id-meta":"","stick-header-meta":"","header-above-stick-meta":"","header-main-stick-meta":"","header-below-stick-meta":"","astra-migrate-meta-layouts":"set","ast-page-background-enabled":"default","ast-page-background-meta":{"desktop":{"background-color":"","background-image":"","background-repeat":"repeat","background-position":"center center","background-size":"auto","background-attachment":"scroll","background-type":"","background-media":"","overlay-type":"","overlay-color":"","overlay-opacity":"","overlay-gradient":""},"tablet":{"background-color":"","background-image":"","background-repeat":"repeat","background-position":"center center","background-size":"auto","background-attachment":"scroll","background-type":"","background-media":"","overlay-type":"","overlay-color":"","overlay-opacity":"","overlay-gradient":""},"mobile":{"background-color":"","background-image":"","background-repeat":"repeat","background-position":"center center","background-size":"auto","background-attachment":"scroll","background-type":"","background-media":"","overlay-type":"","overlay-color":"","overlay-opacity":"","overlay-gradient":""}},"ast-content-background-meta":{"desktop":{"background-color":"var(--ast-global-color-5)","background-image":"","background-repeat":"repeat","background-position":"center center","background-size":"auto","background-attachment":"scroll","background-type":"","background-media":"","overlay-type":"","overlay-color":"","overlay-opacity":"","overlay-gradient":""},"tablet":{"background-color":"var(--ast-global-color-5)","background-image":"","background-repeat":"repeat","background-position":"center center","background-size":"auto","background-attachment":"scroll","background-type":"","background-media":"","overlay-type":"","overlay-color":"","overlay-opacity":"","overlay-gradient":""},"mobile":{"background-color":"var(--ast-global-color-5)","background-image":"","background-repeat":"repeat","background-position":"center center","background-size":"auto","background-attachment":"scroll","background-type":"","background-media":"","overlay-type":"","overlay-color":"","overlay-opacity":"","overlay-gradient":""}},"footnotes":""},"class_list":["post-1479","page","type-page","status-publish","hentry"],"yoast_head":"<!-- This site is optimized with the Yoast SEO plugin v27.3 - https:\/\/yoast.com\/product\/yoast-seo-wordpress\/ -->\n<title>Insolven\u021b\u0103 - Cabinet Avocatur\u0103 Manuela S\u00eerbu<\/title>\n<meta name=\"description\" content=\"Insolven\u021b\u0103 - Cabinet Avocatur\u0103 Manuela S\u00eerbu - Cau\u021bi un avocat specializat \u00een insolven\u021b\u0103, eficient \u0219i profesionist? Sunt aici s\u0103-\u021bi of...\" \/>\n<meta name=\"robots\" content=\"index, follow, max-snippet:-1, max-image-preview:large, max-video-preview:-1\" \/>\n<link rel=\"canonical\" href=\"https:\/\/manuelasirbu.ro\/en\/insolventa-cabinet-avocatura-manuela-sirbu\/\" \/>\n<meta property=\"og:locale\" content=\"en_US\" \/>\n<meta property=\"og:type\" content=\"article\" \/>\n<meta property=\"og:title\" content=\"Insolven\u021b\u0103 - Cabinet Avocatur\u0103 Manuela S\u00eerbu\" \/>\n<meta property=\"og:description\" content=\"Insolven\u021b\u0103 - Cabinet Avocatur\u0103 Manuela S\u00eerbu - Cau\u021bi un avocat specializat \u00een insolven\u021b\u0103, eficient \u0219i profesionist? Sunt aici s\u0103-\u021bi of...\" \/>\n<meta property=\"og:url\" content=\"https:\/\/manuelasirbu.ro\/en\/insolventa-cabinet-avocatura-manuela-sirbu\/\" \/>\n<meta property=\"og:site_name\" content=\"Avocat\" \/>\n<meta property=\"article:modified_time\" content=\"2023-09-08T10:15:14+00:00\" \/>\n<meta name=\"twitter:card\" content=\"summary_large_image\" \/>\n<meta name=\"twitter:label1\" content=\"Est. reading time\" \/>\n\t<meta name=\"twitter:data1\" content=\"2 minutes\" \/>\n<script type=\"application\/ld+json\" class=\"yoast-schema-graph\">{\"@context\":\"https:\\\/\\\/schema.org\",\"@graph\":[{\"@type\":\"WebPage\",\"@id\":\"https:\\\/\\\/manuelasirbu.ro\\\/en\\\/insolventa-cabinet-avocatura-manuela-sirbu\\\/\",\"url\":\"https:\\\/\\\/manuelasirbu.ro\\\/en\\\/insolventa-cabinet-avocatura-manuela-sirbu\\\/\",\"name\":\"Insolven\u021b\u0103 - Cabinet Avocatur\u0103 Manuela S\u00eerbu\",\"isPartOf\":{\"@id\":\"https:\\\/\\\/manuelasirbu.ro\\\/#website\"},\"datePublished\":\"2023-09-01T09:46:33+00:00\",\"dateModified\":\"2023-09-08T10:15:14+00:00\",\"description\":\"Insolven\u021b\u0103 - Cabinet Avocatur\u0103 Manuela S\u00eerbu - Cau\u021bi un avocat specializat \u00een insolven\u021b\u0103, eficient \u0219i profesionist? Sunt aici s\u0103-\u021bi of...\",\"breadcrumb\":{\"@id\":\"https:\\\/\\\/manuelasirbu.ro\\\/en\\\/insolventa-cabinet-avocatura-manuela-sirbu\\\/#breadcrumb\"},\"inLanguage\":\"en-US\",\"potentialAction\":[{\"@type\":\"ReadAction\",\"target\":[\"https:\\\/\\\/manuelasirbu.ro\\\/en\\\/insolventa-cabinet-avocatura-manuela-sirbu\\\/\"]}]},{\"@type\":\"BreadcrumbList\",\"@id\":\"https:\\\/\\\/manuelasirbu.ro\\\/en\\\/insolventa-cabinet-avocatura-manuela-sirbu\\\/#breadcrumb\",\"itemListElement\":[{\"@type\":\"ListItem\",\"position\":1,\"name\":\"Prima pagin\u0103\",\"item\":\"https:\\\/\\\/manuelasirbu.ro\\\/\"},{\"@type\":\"ListItem\",\"position\":2,\"name\":\"Insolven\u021b\u0103\"}]},{\"@type\":\"WebSite\",\"@id\":\"https:\\\/\\\/manuelasirbu.ro\\\/#website\",\"url\":\"https:\\\/\\\/manuelasirbu.ro\\\/\",\"name\":\"Avocat\",\"description\":\"Manuela S\u00eerbu\",\"publisher\":{\"@id\":\"https:\\\/\\\/manuelasirbu.ro\\\/#organization\"},\"potentialAction\":[{\"@type\":\"SearchAction\",\"target\":{\"@type\":\"EntryPoint\",\"urlTemplate\":\"https:\\\/\\\/manuelasirbu.ro\\\/?s={search_term_string}\"},\"query-input\":{\"@type\":\"PropertyValueSpecification\",\"valueRequired\":true,\"valueName\":\"search_term_string\"}}],\"inLanguage\":\"en-US\"},{\"@type\":\"Organization\",\"@id\":\"https:\\\/\\\/manuelasirbu.ro\\\/#organization\",\"name\":\"Avocat\",\"url\":\"https:\\\/\\\/manuelasirbu.ro\\\/\",\"logo\":{\"@type\":\"ImageObject\",\"inLanguage\":\"en-US\",\"@id\":\"https:\\\/\\\/manuelasirbu.ro\\\/#\\\/schema\\\/logo\\\/image\\\/\",\"url\":\"https:\\\/\\\/manuelasirbu.ro\\\/wp-content\\\/uploads\\\/2023\\\/08\\\/poooo-1.png\",\"contentUrl\":\"https:\\\/\\\/manuelasirbu.ro\\\/wp-content\\\/uploads\\\/2023\\\/08\\\/poooo-1.png\",\"width\":1408,\"height\":315,\"caption\":\"Avocat\"},\"image\":{\"@id\":\"https:\\\/\\\/manuelasirbu.ro\\\/#\\\/schema\\\/logo\\\/image\\\/\"}}]}<\/script>\n<!-- \/ Yoast SEO plugin. -->","yoast_head_json":{"title":"Insolven\u021b\u0103 - Cabinet Avocatur\u0103 Manuela S\u00eerbu","description":"Insolven\u021b\u0103 - Cabinet Avocatur\u0103 Manuela S\u00eerbu - Cau\u021bi un avocat specializat \u00een insolven\u021b\u0103, eficient \u0219i profesionist? Sunt aici s\u0103-\u021bi of...","robots":{"index":"index","follow":"follow","max-snippet":"max-snippet:-1","max-image-preview":"max-image-preview:large","max-video-preview":"max-video-preview:-1"},"canonical":"https:\/\/manuelasirbu.ro\/en\/insolventa-cabinet-avocatura-manuela-sirbu\/","og_locale":"en_US","og_type":"article","og_title":"Insolven\u021b\u0103 - Cabinet Avocatur\u0103 Manuela S\u00eerbu","og_description":"Insolven\u021b\u0103 - Cabinet Avocatur\u0103 Manuela S\u00eerbu - Cau\u021bi un avocat specializat \u00een insolven\u021b\u0103, eficient \u0219i profesionist? Sunt aici s\u0103-\u021bi of...","og_url":"https:\/\/manuelasirbu.ro\/en\/insolventa-cabinet-avocatura-manuela-sirbu\/","og_site_name":"Avocat","article_modified_time":"2023-09-08T10:15:14+00:00","twitter_card":"summary_large_image","twitter_misc":{"Est. reading time":"2 minutes"},"schema":{"@context":"https:\/\/schema.org","@graph":[{"@type":"WebPage","@id":"https:\/\/manuelasirbu.ro\/en\/insolventa-cabinet-avocatura-manuela-sirbu\/","url":"https:\/\/manuelasirbu.ro\/en\/insolventa-cabinet-avocatura-manuela-sirbu\/","name":"Insolven\u021b\u0103 - Cabinet Avocatur\u0103 Manuela S\u00eerbu","isPartOf":{"@id":"https:\/\/manuelasirbu.ro\/#website"},"datePublished":"2023-09-01T09:46:33+00:00","dateModified":"2023-09-08T10:15:14+00:00","description":"Insolven\u021b\u0103 - Cabinet Avocatur\u0103 Manuela S\u00eerbu - Cau\u021bi un avocat specializat \u00een insolven\u021b\u0103, eficient \u0219i profesionist? Sunt aici s\u0103-\u021bi of...","breadcrumb":{"@id":"https:\/\/manuelasirbu.ro\/en\/insolventa-cabinet-avocatura-manuela-sirbu\/#breadcrumb"},"inLanguage":"en-US","potentialAction":[{"@type":"ReadAction","target":["https:\/\/manuelasirbu.ro\/en\/insolventa-cabinet-avocatura-manuela-sirbu\/"]}]},{"@type":"BreadcrumbList","@id":"https:\/\/manuelasirbu.ro\/en\/insolventa-cabinet-avocatura-manuela-sirbu\/#breadcrumb","itemListElement":[{"@type":"ListItem","position":1,"name":"Prima pagin\u0103","item":"https:\/\/manuelasirbu.ro\/"},{"@type":"ListItem","position":2,"name":"Insolven\u021b\u0103"}]},{"@type":"WebSite","@id":"https:\/\/manuelasirbu.ro\/#website","url":"https:\/\/manuelasirbu.ro\/","name":"Avocat","description":"Manuela S\u00eerbu","publisher":{"@id":"https:\/\/manuelasirbu.ro\/#organization"},"potentialAction":[{"@type":"SearchAction","target":{"@type":"EntryPoint","urlTemplate":"https:\/\/manuelasirbu.ro\/?s={search_term_string}"},"query-input":{"@type":"PropertyValueSpecification","valueRequired":true,"valueName":"search_term_string"}}],"inLanguage":"en-US"},{"@type":"Organization","@id":"https:\/\/manuelasirbu.ro\/#organization","name":"Avocat","url":"https:\/\/manuelasirbu.ro\/","logo":{"@type":"ImageObject","inLanguage":"en-US","@id":"https:\/\/manuelasirbu.ro\/#\/schema\/logo\/image\/","url":"https:\/\/manuelasirbu.ro\/wp-content\/uploads\/2023\/08\/poooo-1.png","contentUrl":"https:\/\/manuelasirbu.ro\/wp-content\/uploads\/2023\/08\/poooo-1.png","width":1408,"height":315,"caption":"Avocat"},"image":{"@id":"https:\/\/manuelasirbu.ro\/#\/schema\/logo\/image\/"}}]}},"_links":{"self":[{"href":"https:\/\/manuelasirbu.ro\/en\/wp-json\/wp\/v2\/pages\/1479","targetHints":{"allow":["GET"]}}],"collection":[{"href":"https:\/\/manuelasirbu.ro\/en\/wp-json\/wp\/v2\/pages"}],"about":[{"href":"https:\/\/manuelasirbu.ro\/en\/wp-json\/wp\/v2\/types\/page"}],"author":[{"embeddable":true,"href":"https:\/\/manuelasirbu.ro\/en\/wp-json\/wp\/v2\/users\/1"}],"replies":[{"embeddable":true,"href":"https:\/\/manuelasirbu.ro\/en\/wp-json\/wp\/v2\/comments?post=1479"}],"version-history":[{"count":3,"href":"https:\/\/manuelasirbu.ro\/en\/wp-json\/wp\/v2\/pages\/1479\/revisions"}],"predecessor-version":[{"id":1603,"href":"https:\/\/manuelasirbu.ro\/en\/wp-json\/wp\/v2\/pages\/1479\/revisions\/1603"}],"wp:attachment":[{"href":"https:\/\/manuelasirbu.ro\/en\/wp-json\/wp\/v2\/media?parent=1479"}],"curies":[{"name":"wp","href":"https:\/\/api.w.org\/{rel}","templated":true}]}}