{"id":1638,"date":"2023-09-08T16:07:56","date_gmt":"2023-09-08T13:07:56","guid":{"rendered":"https:\/\/manuelasirbu.ro\/?page_id=1638"},"modified":"2023-09-08T16:16:58","modified_gmt":"2023-09-08T13:16:58","slug":"termeni-si-conditii","status":"publish","type":"page","link":"https:\/\/manuelasirbu.ro\/en\/termeni-si-conditii\/","title":{"rendered":"Terms and conditions"},"content":{"rendered":"<div data-elementor-type=\"wp-post\" data-elementor-id=\"1638\" class=\"elementor elementor-1638\" data-elementor-post-type=\"page\">\n\t\t\t\t\t\t<section class=\"elementor-section elementor-top-section elementor-element elementor-element-429ec73 elementor-section-boxed elementor-section-height-default elementor-section-height-default\" data-id=\"429ec73\" data-element_type=\"section\" data-e-type=\"section\" data-settings=\"{&quot;background_background&quot;:&quot;classic&quot;}\">\n\t\t\t\t\t\t\t<div class=\"elementor-background-overlay\"><\/div>\n\t\t\t\t\t\t\t<div class=\"elementor-container elementor-column-gap-wide\">\n\t\t\t\t\t<div class=\"elementor-column elementor-col-100 elementor-top-column elementor-element elementor-element-097e733\" data-id=\"097e733\" data-element_type=\"column\" data-e-type=\"column\">\n\t\t\t<div class=\"elementor-widget-wrap elementor-element-populated\">\n\t\t\t\t\t\t<div class=\"elementor-element elementor-element-2d4b0ac elementor-widget elementor-widget-heading\" data-id=\"2d4b0ac\" data-element_type=\"widget\" data-e-type=\"widget\" data-widget_type=\"heading.default\">\n\t\t\t\t<div class=\"elementor-widget-container\">\n\t\t\t\t\t<h1 class=\"elementor-heading-title elementor-size-default\">Terms and conditions<\/h1>\t\t\t\t<\/div>\n\t\t\t\t<\/div>\n\t\t\t\t\t<\/div>\n\t\t<\/div>\n\t\t\t\t\t<\/div>\n\t\t<\/section>\n\t\t\t\t<section class=\"elementor-section elementor-top-section elementor-element elementor-element-3014398e elementor-section-content-middle elementor-section-boxed elementor-section-height-default elementor-section-height-default\" data-id=\"3014398e\" data-element_type=\"section\" data-e-type=\"section\">\n\t\t\t\t\t\t<div class=\"elementor-container elementor-column-gap-wide\">\n\t\t\t\t\t<div class=\"elementor-column elementor-col-100 elementor-top-column elementor-element elementor-element-1b0d3749\" data-id=\"1b0d3749\" data-element_type=\"column\" data-e-type=\"column\">\n\t\t\t<div class=\"elementor-widget-wrap elementor-element-populated\">\n\t\t\t\t\t\t<div class=\"elementor-element elementor-element-70667a7 elementor-widget elementor-widget-text-editor\" data-id=\"70667a7\" data-element_type=\"widget\" data-e-type=\"widget\" data-widget_type=\"text-editor.default\">\n\t\t\t\t<div class=\"elementor-widget-container\">\n\t\t\t\t\t\t\t\t\t<p>Welcome to the website of the Manuela S\u00eerbu Law Firm, located at <a href=\"https:\/\/manuelasirbu.ro\/en\/\">www.manuelasirbu.ro<\/a>. By accessing and using this site, you agree to comply with and be bound by the terms and conditions below. Please carefully read these rules and accept them before continuing to browse our site.<\/p><p><strong>1. Access to Information<\/strong><\/p><p>Our website is for informational purposes and provides general information about our legal services. The information on this site does not constitute legal advice and does not create an attorney-client relationship between you and the Manuela S\u00eerbu Law Firm. To receive personalized legal assistance, please contact our office directly.<\/p><p><strong>2. Confidentiality<\/strong><\/p><p>We respect the confidentiality of your personal data and the information you provide through our site. Please consult our <a href=\"https:\/\/manuelasirbu.ro\/en\/politica-de-confidentialitate\/\">Privacy Policy<\/a> to find out how we manage your data.<\/p><p><strong>3. Copyright and Intellectual Property<\/strong><\/p><p>All materials and content on this site, including text, images, logos, and design, are protected by copyright and other intellectual property rights. You do not have permission to reproduce, distribute, or use the content of this site for commercial purposes without the prior written consent of the Manuela S\u00eerbu Law Firm.<\/p><p><strong>4. External Links<\/strong><\/p><p>Our website may contain links to external websites. The Manuela S\u00eerbu Law Firm does not assume responsibility for the content or privacy policy of these external sites.<\/p><p><strong>5. Limitation of Liability<\/strong><\/p><p>Use of this site is at your own risk. The Manuela S\u00eerbu Law Firm assumes no responsibility for damages or losses incurred as a result of the use or inability to use our site.<\/p><p><strong>6. Changes to Terms and Conditions<\/strong><\/p><p>The Manuela S\u00eerbu Law Firm reserves the right to modify these terms and conditions at any time. Any changes will be displayed on this page, and we recommend you check this page periodically to stay updated on any changes.<\/p><p><strong>7. Contact<\/strong><\/p><p>For any questions or concerns regarding these terms and conditions, please contact us at the email address sirbu@mlaw.ro or at the phone number +40722193616.<\/p><p>By continuing to use our site, you agree to these terms and conditions. Thank you for visiting the Manuela S\u00eerbu Law Firm website.<\/p><p>Last update: September 8, 2023.<\/p>\t\t\t\t\t\t\t\t<\/div>\n\t\t\t\t<\/div>\n\t\t\t\t\t<\/div>\n\t\t<\/div>\n\t\t\t\t\t<\/div>\n\t\t<\/section>\n\t\t\t\t<\/div>","protected":false},"excerpt":{"rendered":"<p>Termeni \u0219i condi\u021bii Bine a\u021bi venit pe site-ul web al Cabinetului de Avocatur\u0103 Manuela S\u00eerbu, aflat pe adresa web www.manuelasirbu.ro. Prin accesarea \u0219i utilizarea acestui site, sunte\u021bi de acord s\u0103 respecta\u021bi \u0219i s\u0103 v\u0103 supune\u021bi termenilor \u0219i condi\u021biilor de mai jos. V\u0103 rug\u0103m s\u0103 citi\u021bi cu aten\u021bie aceste reguli \u0219i s\u0103 le accepta\u021bi \u00eenainte de [&hellip;]<\/p>\n","protected":false},"author":1,"featured_media":0,"parent":0,"menu_order":0,"comment_status":"closed","ping_status":"closed","template":"","meta":{"site-sidebar-layout":"no-sidebar","site-content-layout":"page-builder","ast-site-content-layout":"full-width-container","site-content-style":"unboxed","site-sidebar-style":"unboxed","ast-global-header-display":"","ast-banner-title-visibility":"","ast-main-header-display":"","ast-hfb-above-header-display":"","ast-hfb-below-header-display":"","ast-hfb-mobile-header-display":"","site-post-title":"disabled","ast-breadcrumbs-content":"","ast-featured-img":"","footer-sml-layout":"","ast-disable-related-posts":"","theme-transparent-header-meta":"enabled","adv-header-id-meta":"","stick-header-meta":"","header-above-stick-meta":"","header-main-stick-meta":"","header-below-stick-meta":"","astra-migrate-meta-layouts":"set","ast-page-background-enabled":"default","ast-page-background-meta":{"desktop":{"background-color":"","background-image":"","background-repeat":"repeat","background-position":"center center","background-size":"auto","background-attachment":"scroll","background-type":"","background-media":"","overlay-type":"","overlay-color":"","overlay-opacity":"","overlay-gradient":""},"tablet":{"background-color":"","background-image":"","background-repeat":"repeat","background-position":"center center","background-size":"auto","background-attachment":"scroll","background-type":"","background-media":"","overlay-type":"","overlay-color":"","overlay-opacity":"","overlay-gradient":""},"mobile":{"background-color":"","background-image":"","background-repeat":"repeat","background-position":"center center","background-size":"auto","background-attachment":"scroll","background-type":"","background-media":"","overlay-type":"","overlay-color":"","overlay-opacity":"","overlay-gradient":""}},"ast-content-background-meta":{"desktop":{"background-color":"var(--ast-global-color-5)","background-image":"","background-repeat":"repeat","background-position":"center center","background-size":"auto","background-attachment":"scroll","background-type":"","background-media":"","overlay-type":"","overlay-color":"","overlay-opacity":"","overlay-gradient":""},"tablet":{"background-color":"var(--ast-global-color-5)","background-image":"","background-repeat":"repeat","background-position":"center center","background-size":"auto","background-attachment":"scroll","background-type":"","background-media":"","overlay-type":"","overlay-color":"","overlay-opacity":"","overlay-gradient":""},"mobile":{"background-color":"var(--ast-global-color-5)","background-image":"","background-repeat":"repeat","background-position":"center center","background-size":"auto","background-attachment":"scroll","background-type":"","background-media":"","overlay-type":"","overlay-color":"","overlay-opacity":"","overlay-gradient":""}},"footnotes":""},"class_list":["post-1638","page","type-page","status-publish","hentry"],"yoast_head":"<!-- This site is optimized with the Yoast SEO plugin v27.3 - https:\/\/yoast.com\/product\/yoast-seo-wordpress\/ -->\n<title>Termeni \u0219i condi\u021bii - Avocat Manuela S\u00eerbu<\/title>\n<meta name=\"description\" content=\"Termeni \u0219i condi\u021bii - Utilizatorii vor avea acces permanent la termenii \u015fi condi\u0163iile pentru utilizarea serviciilor pentru a le putea con...\" \/>\n<meta name=\"robots\" content=\"index, follow, max-snippet:-1, max-image-preview:large, max-video-preview:-1\" \/>\n<link rel=\"canonical\" href=\"https:\/\/manuelasirbu.ro\/en\/termeni-si-conditii\/\" \/>\n<meta property=\"og:locale\" content=\"en_US\" \/>\n<meta property=\"og:type\" content=\"article\" \/>\n<meta property=\"og:title\" content=\"Termeni \u0219i condi\u021bii - Avocat Manuela S\u00eerbu\" \/>\n<meta property=\"og:description\" content=\"Termeni \u0219i condi\u021bii - Utilizatorii vor avea acces permanent la termenii \u015fi condi\u0163iile pentru utilizarea serviciilor pentru a le putea con...\" \/>\n<meta property=\"og:url\" content=\"https:\/\/manuelasirbu.ro\/en\/termeni-si-conditii\/\" \/>\n<meta property=\"og:site_name\" content=\"Avocat\" \/>\n<meta property=\"article:modified_time\" content=\"2023-09-08T13:16:58+00:00\" \/>\n<meta name=\"twitter:card\" content=\"summary_large_image\" \/>\n<meta name=\"twitter:label1\" content=\"Est. reading time\" \/>\n\t<meta name=\"twitter:data1\" content=\"3 minutes\" \/>\n<script type=\"application\/ld+json\" class=\"yoast-schema-graph\">{\"@context\":\"https:\\\/\\\/schema.org\",\"@graph\":[{\"@type\":\"WebPage\",\"@id\":\"https:\\\/\\\/manuelasirbu.ro\\\/en\\\/termeni-si-conditii\\\/\",\"url\":\"https:\\\/\\\/manuelasirbu.ro\\\/en\\\/termeni-si-conditii\\\/\",\"name\":\"Termeni \u0219i condi\u021bii - Avocat Manuela S\u00eerbu\",\"isPartOf\":{\"@id\":\"https:\\\/\\\/manuelasirbu.ro\\\/#website\"},\"datePublished\":\"2023-09-08T13:07:56+00:00\",\"dateModified\":\"2023-09-08T13:16:58+00:00\",\"description\":\"Termeni \u0219i condi\u021bii - Utilizatorii vor avea acces permanent la termenii \u015fi condi\u0163iile pentru utilizarea serviciilor pentru a le putea con...\",\"breadcrumb\":{\"@id\":\"https:\\\/\\\/manuelasirbu.ro\\\/en\\\/termeni-si-conditii\\\/#breadcrumb\"},\"inLanguage\":\"en-US\",\"potentialAction\":[{\"@type\":\"ReadAction\",\"target\":[\"https:\\\/\\\/manuelasirbu.ro\\\/en\\\/termeni-si-conditii\\\/\"]}]},{\"@type\":\"BreadcrumbList\",\"@id\":\"https:\\\/\\\/manuelasirbu.ro\\\/en\\\/termeni-si-conditii\\\/#breadcrumb\",\"itemListElement\":[{\"@type\":\"ListItem\",\"position\":1,\"name\":\"Prima pagin\u0103\",\"item\":\"https:\\\/\\\/manuelasirbu.ro\\\/\"},{\"@type\":\"ListItem\",\"position\":2,\"name\":\"Termeni \u0219i condi\u021bii\"}]},{\"@type\":\"WebSite\",\"@id\":\"https:\\\/\\\/manuelasirbu.ro\\\/#website\",\"url\":\"https:\\\/\\\/manuelasirbu.ro\\\/\",\"name\":\"Avocat\",\"description\":\"Manuela S\u00eerbu\",\"publisher\":{\"@id\":\"https:\\\/\\\/manuelasirbu.ro\\\/#organization\"},\"potentialAction\":[{\"@type\":\"SearchAction\",\"target\":{\"@type\":\"EntryPoint\",\"urlTemplate\":\"https:\\\/\\\/manuelasirbu.ro\\\/?s={search_term_string}\"},\"query-input\":{\"@type\":\"PropertyValueSpecification\",\"valueRequired\":true,\"valueName\":\"search_term_string\"}}],\"inLanguage\":\"en-US\"},{\"@type\":\"Organization\",\"@id\":\"https:\\\/\\\/manuelasirbu.ro\\\/#organization\",\"name\":\"Avocat\",\"url\":\"https:\\\/\\\/manuelasirbu.ro\\\/\",\"logo\":{\"@type\":\"ImageObject\",\"inLanguage\":\"en-US\",\"@id\":\"https:\\\/\\\/manuelasirbu.ro\\\/#\\\/schema\\\/logo\\\/image\\\/\",\"url\":\"https:\\\/\\\/manuelasirbu.ro\\\/wp-content\\\/uploads\\\/2023\\\/08\\\/poooo-1.png\",\"contentUrl\":\"https:\\\/\\\/manuelasirbu.ro\\\/wp-content\\\/uploads\\\/2023\\\/08\\\/poooo-1.png\",\"width\":1408,\"height\":315,\"caption\":\"Avocat\"},\"image\":{\"@id\":\"https:\\\/\\\/manuelasirbu.ro\\\/#\\\/schema\\\/logo\\\/image\\\/\"}}]}<\/script>\n<!-- \/ Yoast SEO plugin. -->","yoast_head_json":{"title":"Termeni \u0219i condi\u021bii - Avocat Manuela S\u00eerbu","description":"Termeni \u0219i condi\u021bii - Utilizatorii vor avea acces permanent la termenii \u015fi condi\u0163iile pentru utilizarea serviciilor pentru a le putea con...","robots":{"index":"index","follow":"follow","max-snippet":"max-snippet:-1","max-image-preview":"max-image-preview:large","max-video-preview":"max-video-preview:-1"},"canonical":"https:\/\/manuelasirbu.ro\/en\/termeni-si-conditii\/","og_locale":"en_US","og_type":"article","og_title":"Termeni \u0219i condi\u021bii - Avocat Manuela S\u00eerbu","og_description":"Termeni \u0219i condi\u021bii - Utilizatorii vor avea acces permanent la termenii \u015fi condi\u0163iile pentru utilizarea serviciilor pentru a le putea con...","og_url":"https:\/\/manuelasirbu.ro\/en\/termeni-si-conditii\/","og_site_name":"Avocat","article_modified_time":"2023-09-08T13:16:58+00:00","twitter_card":"summary_large_image","twitter_misc":{"Est. reading time":"3 minutes"},"schema":{"@context":"https:\/\/schema.org","@graph":[{"@type":"WebPage","@id":"https:\/\/manuelasirbu.ro\/en\/termeni-si-conditii\/","url":"https:\/\/manuelasirbu.ro\/en\/termeni-si-conditii\/","name":"Termeni \u0219i condi\u021bii - Avocat Manuela S\u00eerbu","isPartOf":{"@id":"https:\/\/manuelasirbu.ro\/#website"},"datePublished":"2023-09-08T13:07:56+00:00","dateModified":"2023-09-08T13:16:58+00:00","description":"Termeni \u0219i condi\u021bii - Utilizatorii vor avea acces permanent la termenii \u015fi condi\u0163iile pentru utilizarea serviciilor pentru a le putea con...","breadcrumb":{"@id":"https:\/\/manuelasirbu.ro\/en\/termeni-si-conditii\/#breadcrumb"},"inLanguage":"en-US","potentialAction":[{"@type":"ReadAction","target":["https:\/\/manuelasirbu.ro\/en\/termeni-si-conditii\/"]}]},{"@type":"BreadcrumbList","@id":"https:\/\/manuelasirbu.ro\/en\/termeni-si-conditii\/#breadcrumb","itemListElement":[{"@type":"ListItem","position":1,"name":"Prima pagin\u0103","item":"https:\/\/manuelasirbu.ro\/"},{"@type":"ListItem","position":2,"name":"Termeni \u0219i condi\u021bii"}]},{"@type":"WebSite","@id":"https:\/\/manuelasirbu.ro\/#website","url":"https:\/\/manuelasirbu.ro\/","name":"Avocat","description":"Manuela S\u00eerbu","publisher":{"@id":"https:\/\/manuelasirbu.ro\/#organization"},"potentialAction":[{"@type":"SearchAction","target":{"@type":"EntryPoint","urlTemplate":"https:\/\/manuelasirbu.ro\/?s={search_term_string}"},"query-input":{"@type":"PropertyValueSpecification","valueRequired":true,"valueName":"search_term_string"}}],"inLanguage":"en-US"},{"@type":"Organization","@id":"https:\/\/manuelasirbu.ro\/#organization","name":"Avocat","url":"https:\/\/manuelasirbu.ro\/","logo":{"@type":"ImageObject","inLanguage":"en-US","@id":"https:\/\/manuelasirbu.ro\/#\/schema\/logo\/image\/","url":"https:\/\/manuelasirbu.ro\/wp-content\/uploads\/2023\/08\/poooo-1.png","contentUrl":"https:\/\/manuelasirbu.ro\/wp-content\/uploads\/2023\/08\/poooo-1.png","width":1408,"height":315,"caption":"Avocat"},"image":{"@id":"https:\/\/manuelasirbu.ro\/#\/schema\/logo\/image\/"}}]}},"_links":{"self":[{"href":"https:\/\/manuelasirbu.ro\/en\/wp-json\/wp\/v2\/pages\/1638","targetHints":{"allow":["GET"]}}],"collection":[{"href":"https:\/\/manuelasirbu.ro\/en\/wp-json\/wp\/v2\/pages"}],"about":[{"href":"https:\/\/manuelasirbu.ro\/en\/wp-json\/wp\/v2\/types\/page"}],"author":[{"embeddable":true,"href":"https:\/\/manuelasirbu.ro\/en\/wp-json\/wp\/v2\/users\/1"}],"replies":[{"embeddable":true,"href":"https:\/\/manuelasirbu.ro\/en\/wp-json\/wp\/v2\/comments?post=1638"}],"version-history":[{"count":3,"href":"https:\/\/manuelasirbu.ro\/en\/wp-json\/wp\/v2\/pages\/1638\/revisions"}],"predecessor-version":[{"id":1648,"href":"https:\/\/manuelasirbu.ro\/en\/wp-json\/wp\/v2\/pages\/1638\/revisions\/1648"}],"wp:attachment":[{"href":"https:\/\/manuelasirbu.ro\/en\/wp-json\/wp\/v2\/media?parent=1638"}],"curies":[{"name":"wp","href":"https:\/\/api.w.org\/{rel}","templated":true}]}}