{"id":1644,"date":"2023-09-08T16:15:46","date_gmt":"2023-09-08T13:15:46","guid":{"rendered":"https:\/\/manuelasirbu.ro\/?page_id=1644"},"modified":"2023-09-08T16:21:44","modified_gmt":"2023-09-08T13:21:44","slug":"politica-de-confidentialitate","status":"publish","type":"page","link":"https:\/\/manuelasirbu.ro\/en\/politica-de-confidentialitate\/","title":{"rendered":"the Privacy Policy"},"content":{"rendered":"<div data-elementor-type=\"wp-post\" data-elementor-id=\"1644\" class=\"elementor elementor-1644\" data-elementor-post-type=\"page\">\n\t\t\t\t\t\t<section class=\"elementor-section elementor-top-section elementor-element elementor-element-429ec73 elementor-section-boxed elementor-section-height-default elementor-section-height-default\" data-id=\"429ec73\" data-element_type=\"section\" data-e-type=\"section\" data-settings=\"{&quot;background_background&quot;:&quot;classic&quot;}\">\n\t\t\t\t\t\t\t<div class=\"elementor-background-overlay\"><\/div>\n\t\t\t\t\t\t\t<div class=\"elementor-container elementor-column-gap-wide\">\n\t\t\t\t\t<div class=\"elementor-column elementor-col-100 elementor-top-column elementor-element elementor-element-097e733\" data-id=\"097e733\" data-element_type=\"column\" data-e-type=\"column\">\n\t\t\t<div class=\"elementor-widget-wrap elementor-element-populated\">\n\t\t\t\t\t\t<div class=\"elementor-element elementor-element-2d4b0ac elementor-widget elementor-widget-heading\" data-id=\"2d4b0ac\" data-element_type=\"widget\" data-e-type=\"widget\" data-widget_type=\"heading.default\">\n\t\t\t\t<div class=\"elementor-widget-container\">\n\t\t\t\t\t<h1 class=\"elementor-heading-title elementor-size-default\">the Privacy Policy<\/h1>\t\t\t\t<\/div>\n\t\t\t\t<\/div>\n\t\t\t\t\t<\/div>\n\t\t<\/div>\n\t\t\t\t\t<\/div>\n\t\t<\/section>\n\t\t\t\t<section class=\"elementor-section elementor-top-section elementor-element elementor-element-3014398e elementor-section-content-middle elementor-section-boxed elementor-section-height-default elementor-section-height-default\" data-id=\"3014398e\" data-element_type=\"section\" data-e-type=\"section\">\n\t\t\t\t\t\t<div class=\"elementor-container elementor-column-gap-wide\">\n\t\t\t\t\t<div class=\"elementor-column elementor-col-100 elementor-top-column elementor-element elementor-element-1b0d3749\" data-id=\"1b0d3749\" data-element_type=\"column\" data-e-type=\"column\">\n\t\t\t<div class=\"elementor-widget-wrap elementor-element-populated\">\n\t\t\t\t\t\t<div class=\"elementor-element elementor-element-70667a7 elementor-widget elementor-widget-text-editor\" data-id=\"70667a7\" data-element_type=\"widget\" data-e-type=\"widget\" data-widget_type=\"text-editor.default\">\n\t\t\t\t<div class=\"elementor-widget-container\">\n\t\t\t\t\t\t\t\t\t<p><strong>Last Update: September 8, 2023.<\/strong><\/p><p>Welcome to the website of the Manuela S\u00eerbu Law Firm, located at\u00a0<a href=\"https:\/\/manuelasirbu.ro\/en\/\">www.manuelasirbu.ro<\/a>. We are committed to protecting the confidentiality of your personal data. This Privacy Policy informs you about how we collect, use, and protect your personal information.<\/p><p><strong>1. Information Collected<\/strong><\/p><p>The Manuela S\u00eerbu Law Firm may collect personal information from you when you voluntarily provide this information through contact forms, emails, or other interactions with us. The information collected may include your name, email address, phone number, and other details relevant to your requests.<\/p><p><strong>2. Purpose of Data Collection<\/strong><\/p><p>Your personal information is primarily collected to provide you with our legal services and to respond to your requests and questions. We may also use the information to send you updates about our services or to contact you about ongoing legal cases.<\/p><p><strong>3. Data Protection<\/strong><\/p><p>The Manuela S\u00eerbu Law Firm implements appropriate technical and organizational security measures to protect your personal information against unauthorized access, loss, or alteration. Access to your data is limited to authorized employees who need this information to provide our services.<\/p><p><strong>4. Disclosure of Information<\/strong><\/p><p>We will not disclose your personal information to third parties, except when necessary for legal purposes or to provide you with the services you have requested. In any other case, we will obtain your prior consent.<\/p><p><strong>5. Your Rights<\/strong><\/p><p>You have the right to request access, correction, deletion, or portability of your personal information stored by us. To exercise these rights or for any questions or concerns regarding our Privacy Policy, please contact us at the email address sirbu@mlaw.ro or at the phone number +40722193616.<\/p><p><strong>6. Policy Updates<\/strong><\/p><p>This Privacy Policy may be updated periodically. Any changes will be displayed on this page, and we recommend you check this page periodically to stay updated on any changes.<\/p><p>By using the Manuela S\u00eerbu Law Firm website, you agree to this Privacy Policy. Thank you for your trust.<\/p>\t\t\t\t\t\t\t\t<\/div>\n\t\t\t\t<\/div>\n\t\t\t\t\t<\/div>\n\t\t<\/div>\n\t\t\t\t\t<\/div>\n\t\t<\/section>\n\t\t\t\t<\/div>","protected":false},"excerpt":{"rendered":"<p>Politica de confiden\u021bialitate Ultima Actualizare: 08 Septembrie 2023. Bine a\u021bi venit pe site-ul web al Cabinetului de Avocatur\u0103 Manuela S\u00eerbu, aflat pe adresa web\u00a0www.manuelasirbu.ro. Suntem dedica\u021bi protej\u0103rii confiden\u021bialit\u0103\u021bii datelor dumneavoastr\u0103 personale. Aceast\u0103 Politic\u0103 de Confiden\u021bialitate v\u0103 informeaz\u0103 despre modul \u00een care colect\u0103m, folosim \u0219i protej\u0103m informa\u021biile dumneavoastr\u0103 personale. 1. Informa\u021bii Colectate Cabinetul de Avocatur\u0103 Manuela [&hellip;]<\/p>\n","protected":false},"author":1,"featured_media":0,"parent":0,"menu_order":0,"comment_status":"closed","ping_status":"closed","template":"","meta":{"site-sidebar-layout":"no-sidebar","site-content-layout":"page-builder","ast-site-content-layout":"full-width-container","site-content-style":"unboxed","site-sidebar-style":"unboxed","ast-global-header-display":"","ast-banner-title-visibility":"","ast-main-header-display":"","ast-hfb-above-header-display":"","ast-hfb-below-header-display":"","ast-hfb-mobile-header-display":"","site-post-title":"disabled","ast-breadcrumbs-content":"","ast-featured-img":"","footer-sml-layout":"","ast-disable-related-posts":"","theme-transparent-header-meta":"enabled","adv-header-id-meta":"","stick-header-meta":"","header-above-stick-meta":"","header-main-stick-meta":"","header-below-stick-meta":"","astra-migrate-meta-layouts":"set","ast-page-background-enabled":"default","ast-page-background-meta":{"desktop":{"background-color":"","background-image":"","background-repeat":"repeat","background-position":"center center","background-size":"auto","background-attachment":"scroll","background-type":"","background-media":"","overlay-type":"","overlay-color":"","overlay-opacity":"","overlay-gradient":""},"tablet":{"background-color":"","background-image":"","background-repeat":"repeat","background-position":"center center","background-size":"auto","background-attachment":"scroll","background-type":"","background-media":"","overlay-type":"","overlay-color":"","overlay-opacity":"","overlay-gradient":""},"mobile":{"background-color":"","background-image":"","background-repeat":"repeat","background-position":"center center","background-size":"auto","background-attachment":"scroll","background-type":"","background-media":"","overlay-type":"","overlay-color":"","overlay-opacity":"","overlay-gradient":""}},"ast-content-background-meta":{"desktop":{"background-color":"var(--ast-global-color-5)","background-image":"","background-repeat":"repeat","background-position":"center center","background-size":"auto","background-attachment":"scroll","background-type":"","background-media":"","overlay-type":"","overlay-color":"","overlay-opacity":"","overlay-gradient":""},"tablet":{"background-color":"var(--ast-global-color-5)","background-image":"","background-repeat":"repeat","background-position":"center center","background-size":"auto","background-attachment":"scroll","background-type":"","background-media":"","overlay-type":"","overlay-color":"","overlay-opacity":"","overlay-gradient":""},"mobile":{"background-color":"var(--ast-global-color-5)","background-image":"","background-repeat":"repeat","background-position":"center center","background-size":"auto","background-attachment":"scroll","background-type":"","background-media":"","overlay-type":"","overlay-color":"","overlay-opacity":"","overlay-gradient":""}},"footnotes":""},"class_list":["post-1644","page","type-page","status-publish","hentry"],"yoast_head":"<!-- This site is optimized with the Yoast SEO plugin v27.3 - https:\/\/yoast.com\/product\/yoast-seo-wordpress\/ -->\n<title>Politica de confiden\u021bialitate - Avocat Manuela S\u00eerbu<\/title>\n<meta name=\"description\" content=\"Politica de confiden\u021bialitate - Informa\u021biile dumneavoastr\u0103 personale sunt colectate \u00een principal \u00een scopul de a v\u0103 oferi serviciile noas...\" \/>\n<meta name=\"robots\" content=\"index, follow, max-snippet:-1, max-image-preview:large, max-video-preview:-1\" \/>\n<link rel=\"canonical\" href=\"https:\/\/manuelasirbu.ro\/en\/politica-de-confidentialitate\/\" \/>\n<meta property=\"og:locale\" content=\"en_US\" \/>\n<meta property=\"og:type\" content=\"article\" \/>\n<meta property=\"og:title\" content=\"Politica de confiden\u021bialitate - Avocat Manuela S\u00eerbu\" \/>\n<meta property=\"og:description\" content=\"Politica de confiden\u021bialitate - Informa\u021biile dumneavoastr\u0103 personale sunt colectate \u00een principal \u00een scopul de a v\u0103 oferi serviciile noas...\" \/>\n<meta property=\"og:url\" content=\"https:\/\/manuelasirbu.ro\/en\/politica-de-confidentialitate\/\" \/>\n<meta property=\"og:site_name\" content=\"Avocat\" \/>\n<meta property=\"article:modified_time\" content=\"2023-09-08T13:21:44+00:00\" \/>\n<meta name=\"twitter:card\" content=\"summary_large_image\" \/>\n<meta name=\"twitter:label1\" content=\"Est. reading time\" \/>\n\t<meta name=\"twitter:data1\" content=\"2 minutes\" \/>\n<script type=\"application\/ld+json\" class=\"yoast-schema-graph\">{\"@context\":\"https:\\\/\\\/schema.org\",\"@graph\":[{\"@type\":\"WebPage\",\"@id\":\"https:\\\/\\\/manuelasirbu.ro\\\/en\\\/politica-de-confidentialitate\\\/\",\"url\":\"https:\\\/\\\/manuelasirbu.ro\\\/en\\\/politica-de-confidentialitate\\\/\",\"name\":\"Politica de confiden\u021bialitate - Avocat Manuela S\u00eerbu\",\"isPartOf\":{\"@id\":\"https:\\\/\\\/manuelasirbu.ro\\\/#website\"},\"datePublished\":\"2023-09-08T13:15:46+00:00\",\"dateModified\":\"2023-09-08T13:21:44+00:00\",\"description\":\"Politica de confiden\u021bialitate - Informa\u021biile dumneavoastr\u0103 personale sunt colectate \u00een principal \u00een scopul de a v\u0103 oferi serviciile noas...\",\"breadcrumb\":{\"@id\":\"https:\\\/\\\/manuelasirbu.ro\\\/en\\\/politica-de-confidentialitate\\\/#breadcrumb\"},\"inLanguage\":\"en-US\",\"potentialAction\":[{\"@type\":\"ReadAction\",\"target\":[\"https:\\\/\\\/manuelasirbu.ro\\\/en\\\/politica-de-confidentialitate\\\/\"]}]},{\"@type\":\"BreadcrumbList\",\"@id\":\"https:\\\/\\\/manuelasirbu.ro\\\/en\\\/politica-de-confidentialitate\\\/#breadcrumb\",\"itemListElement\":[{\"@type\":\"ListItem\",\"position\":1,\"name\":\"Prima pagin\u0103\",\"item\":\"https:\\\/\\\/manuelasirbu.ro\\\/\"},{\"@type\":\"ListItem\",\"position\":2,\"name\":\"Politica de confiden\u021bialitate\"}]},{\"@type\":\"WebSite\",\"@id\":\"https:\\\/\\\/manuelasirbu.ro\\\/#website\",\"url\":\"https:\\\/\\\/manuelasirbu.ro\\\/\",\"name\":\"Avocat\",\"description\":\"Manuela S\u00eerbu\",\"publisher\":{\"@id\":\"https:\\\/\\\/manuelasirbu.ro\\\/#organization\"},\"potentialAction\":[{\"@type\":\"SearchAction\",\"target\":{\"@type\":\"EntryPoint\",\"urlTemplate\":\"https:\\\/\\\/manuelasirbu.ro\\\/?s={search_term_string}\"},\"query-input\":{\"@type\":\"PropertyValueSpecification\",\"valueRequired\":true,\"valueName\":\"search_term_string\"}}],\"inLanguage\":\"en-US\"},{\"@type\":\"Organization\",\"@id\":\"https:\\\/\\\/manuelasirbu.ro\\\/#organization\",\"name\":\"Avocat\",\"url\":\"https:\\\/\\\/manuelasirbu.ro\\\/\",\"logo\":{\"@type\":\"ImageObject\",\"inLanguage\":\"en-US\",\"@id\":\"https:\\\/\\\/manuelasirbu.ro\\\/#\\\/schema\\\/logo\\\/image\\\/\",\"url\":\"https:\\\/\\\/manuelasirbu.ro\\\/wp-content\\\/uploads\\\/2023\\\/08\\\/poooo-1.png\",\"contentUrl\":\"https:\\\/\\\/manuelasirbu.ro\\\/wp-content\\\/uploads\\\/2023\\\/08\\\/poooo-1.png\",\"width\":1408,\"height\":315,\"caption\":\"Avocat\"},\"image\":{\"@id\":\"https:\\\/\\\/manuelasirbu.ro\\\/#\\\/schema\\\/logo\\\/image\\\/\"}}]}<\/script>\n<!-- \/ Yoast SEO plugin. -->","yoast_head_json":{"title":"Politica de confiden\u021bialitate - Avocat Manuela S\u00eerbu","description":"Politica de confiden\u021bialitate - Informa\u021biile dumneavoastr\u0103 personale sunt colectate \u00een principal \u00een scopul de a v\u0103 oferi serviciile noas...","robots":{"index":"index","follow":"follow","max-snippet":"max-snippet:-1","max-image-preview":"max-image-preview:large","max-video-preview":"max-video-preview:-1"},"canonical":"https:\/\/manuelasirbu.ro\/en\/politica-de-confidentialitate\/","og_locale":"en_US","og_type":"article","og_title":"Politica de confiden\u021bialitate - Avocat Manuela S\u00eerbu","og_description":"Politica de confiden\u021bialitate - Informa\u021biile dumneavoastr\u0103 personale sunt colectate \u00een principal \u00een scopul de a v\u0103 oferi serviciile noas...","og_url":"https:\/\/manuelasirbu.ro\/en\/politica-de-confidentialitate\/","og_site_name":"Avocat","article_modified_time":"2023-09-08T13:21:44+00:00","twitter_card":"summary_large_image","twitter_misc":{"Est. reading time":"2 minutes"},"schema":{"@context":"https:\/\/schema.org","@graph":[{"@type":"WebPage","@id":"https:\/\/manuelasirbu.ro\/en\/politica-de-confidentialitate\/","url":"https:\/\/manuelasirbu.ro\/en\/politica-de-confidentialitate\/","name":"Politica de confiden\u021bialitate - Avocat Manuela S\u00eerbu","isPartOf":{"@id":"https:\/\/manuelasirbu.ro\/#website"},"datePublished":"2023-09-08T13:15:46+00:00","dateModified":"2023-09-08T13:21:44+00:00","description":"Politica de confiden\u021bialitate - Informa\u021biile dumneavoastr\u0103 personale sunt colectate \u00een principal \u00een scopul de a v\u0103 oferi serviciile noas...","breadcrumb":{"@id":"https:\/\/manuelasirbu.ro\/en\/politica-de-confidentialitate\/#breadcrumb"},"inLanguage":"en-US","potentialAction":[{"@type":"ReadAction","target":["https:\/\/manuelasirbu.ro\/en\/politica-de-confidentialitate\/"]}]},{"@type":"BreadcrumbList","@id":"https:\/\/manuelasirbu.ro\/en\/politica-de-confidentialitate\/#breadcrumb","itemListElement":[{"@type":"ListItem","position":1,"name":"Prima pagin\u0103","item":"https:\/\/manuelasirbu.ro\/"},{"@type":"ListItem","position":2,"name":"Politica de confiden\u021bialitate"}]},{"@type":"WebSite","@id":"https:\/\/manuelasirbu.ro\/#website","url":"https:\/\/manuelasirbu.ro\/","name":"Avocat","description":"Manuela S\u00eerbu","publisher":{"@id":"https:\/\/manuelasirbu.ro\/#organization"},"potentialAction":[{"@type":"SearchAction","target":{"@type":"EntryPoint","urlTemplate":"https:\/\/manuelasirbu.ro\/?s={search_term_string}"},"query-input":{"@type":"PropertyValueSpecification","valueRequired":true,"valueName":"search_term_string"}}],"inLanguage":"en-US"},{"@type":"Organization","@id":"https:\/\/manuelasirbu.ro\/#organization","name":"Avocat","url":"https:\/\/manuelasirbu.ro\/","logo":{"@type":"ImageObject","inLanguage":"en-US","@id":"https:\/\/manuelasirbu.ro\/#\/schema\/logo\/image\/","url":"https:\/\/manuelasirbu.ro\/wp-content\/uploads\/2023\/08\/poooo-1.png","contentUrl":"https:\/\/manuelasirbu.ro\/wp-content\/uploads\/2023\/08\/poooo-1.png","width":1408,"height":315,"caption":"Avocat"},"image":{"@id":"https:\/\/manuelasirbu.ro\/#\/schema\/logo\/image\/"}}]}},"_links":{"self":[{"href":"https:\/\/manuelasirbu.ro\/en\/wp-json\/wp\/v2\/pages\/1644","targetHints":{"allow":["GET"]}}],"collection":[{"href":"https:\/\/manuelasirbu.ro\/en\/wp-json\/wp\/v2\/pages"}],"about":[{"href":"https:\/\/manuelasirbu.ro\/en\/wp-json\/wp\/v2\/types\/page"}],"author":[{"embeddable":true,"href":"https:\/\/manuelasirbu.ro\/en\/wp-json\/wp\/v2\/users\/1"}],"replies":[{"embeddable":true,"href":"https:\/\/manuelasirbu.ro\/en\/wp-json\/wp\/v2\/comments?post=1644"}],"version-history":[{"count":3,"href":"https:\/\/manuelasirbu.ro\/en\/wp-json\/wp\/v2\/pages\/1644\/revisions"}],"predecessor-version":[{"id":1656,"href":"https:\/\/manuelasirbu.ro\/en\/wp-json\/wp\/v2\/pages\/1644\/revisions\/1656"}],"wp:attachment":[{"href":"https:\/\/manuelasirbu.ro\/en\/wp-json\/wp\/v2\/media?parent=1644"}],"curies":[{"name":"wp","href":"https:\/\/api.w.org\/{rel}","templated":true}]}}